{"id":2,"date":"2023-08-13T15:34:51","date_gmt":"2023-08-13T13:34:51","guid":{"rendered":"http:\/\/miperlanegra.es\/?page_id=2"},"modified":"2025-11-18T16:39:33","modified_gmt":"2025-11-18T15:39:33","slug":"pagina-ejemplo","status":"publish","type":"page","link":"https:\/\/miperlanegra.es\/index.php\/pagina-ejemplo\/","title":{"rendered":"Nosotros"},"content":{"rendered":"\t\t<div data-elementor-type=\"wp-page\" data-elementor-id=\"2\" class=\"elementor elementor-2\">\n\t\t\t\t\t\t<section class=\"elementor-section elementor-top-section elementor-element elementor-element-22c93949 elementor-section-boxed elementor-section-height-default elementor-section-height-default\" data-id=\"22c93949\" data-element_type=\"section\" data-e-type=\"section\">\n\t\t\t\t\t\t<div class=\"elementor-container elementor-column-gap-default\">\n\t\t\t\t\t<div class=\"elementor-column elementor-col-100 elementor-top-column elementor-element elementor-element-74f8dced\" data-id=\"74f8dced\" data-element_type=\"column\" data-e-type=\"column\">\n\t\t\t<div class=\"elementor-widget-wrap elementor-element-populated\">\n\t\t\t\t\t\t\t<\/div>\n\t\t<\/div>\n\t\t\t\t\t<\/div>\n\t\t<\/section>\n\t\t\t\t<section class=\"elementor-section elementor-top-section elementor-element elementor-element-a5a9303 elementor-section-boxed elementor-section-height-default elementor-section-height-default\" data-id=\"a5a9303\" data-element_type=\"section\" data-e-type=\"section\">\n\t\t\t\t\t\t<div class=\"elementor-container elementor-column-gap-default\">\n\t\t\t\t\t<div class=\"elementor-column elementor-col-100 elementor-top-column elementor-element elementor-element-6806c66\" data-id=\"6806c66\" data-element_type=\"column\" data-e-type=\"column\">\n\t\t\t<div class=\"elementor-widget-wrap elementor-element-populated\">\n\t\t\t\t\t\t<div class=\"elementor-element elementor-element-11b50d4 elementor-widget-divider--view-line elementor-widget elementor-widget-divider\" data-id=\"11b50d4\" data-element_type=\"widget\" data-e-type=\"widget\" data-widget_type=\"divider.default\">\n\t\t\t\t<div class=\"elementor-widget-container\">\n\t\t\t\t\t\t\t<div class=\"elementor-divider\">\n\t\t\t<span class=\"elementor-divider-separator\">\n\t\t\t\t\t\t<\/span>\n\t\t<\/div>\n\t\t\t\t\t\t<\/div>\n\t\t\t\t<\/div>\n\t\t\t\t\t<\/div>\n\t\t<\/div>\n\t\t\t\t\t<\/div>\n\t\t<\/section>\n\t\t\t\t<section class=\"elementor-section elementor-top-section elementor-element elementor-element-e7ea867 elementor-section-boxed elementor-section-height-default elementor-section-height-default\" data-id=\"e7ea867\" data-element_type=\"section\" data-e-type=\"section\">\n\t\t\t\t\t\t<div class=\"elementor-container elementor-column-gap-default\">\n\t\t\t\t\t<div class=\"elementor-column elementor-col-100 elementor-top-column elementor-element elementor-element-92fb4a1\" data-id=\"92fb4a1\" data-element_type=\"column\" data-e-type=\"column\">\n\t\t\t<div class=\"elementor-widget-wrap elementor-element-populated\">\n\t\t\t\t\t\t<div class=\"elementor-element elementor-element-f432198 elementor-widget__width-initial elementor-widget elementor-widget-text-editor\" data-id=\"f432198\" data-element_type=\"widget\" data-e-type=\"widget\" data-widget_type=\"text-editor.default\">\n\t\t\t\t<div class=\"elementor-widget-container\">\n\t\t\t\t\t\t\t\t\t<ul>\n<li>Qui\u00e9nes somos<br><strong>\u00bfQui\u00e9n es el responsable del tratamiento de sus datos?&nbsp; &nbsp;<br><\/strong><\/li>\n<\/ul>\n<ul>\n<li><strong>Nombre Comercial : <\/strong>&nbsp;MIPERLANEGRA&nbsp;&nbsp;:&nbsp;C\/ Vela 3 , Bajo , 29630, Torrequebrada. Benalmadena Costa .&nbsp; Malaga .<\/li>\n<\/ul>\n<ol>\n<li><strong>Tel\u00e9fono de contacto<\/strong>:&nbsp;+34 692 034 917<\/li>\n<\/ol>\n<ol>\n<li><strong>La direcci\u00f3n de nuestra web es<\/strong>:&nbsp;<a href=\"https:\/\/ekipa-t.es\/\">https:\/\/miperlanegra.es<\/a><\/li>\n<\/ol>\n<div>\n<p data-sourcepos=\"3:1-3:278\">Somos una&nbsp; empresa dedicada a la venta y personalizaci\u00f3n de vestuario laboral en diferentes formatos ( Solo Venta ONLINE o Personalizada mediante visita a su Empresa , No disponemos de tienda fisica )&nbsp;<\/p>\n<p data-sourcepos=\"3:1-3:278\">Nuestra condici\u00f3n principal es la calidad , la impresi\u00f3n y grabaci\u00f3n en la personalizaci\u00f3n de la prenda.<\/p>\n<p data-sourcepos=\"5:1-5:22\">Contacto<\/p>\n<p data-sourcepos=\"35:1-35:141\">Si est\u00e1s interesado en nuestros servicios, no dudes en contactarnos. Estaremos encantados de responder a cualquier pregunta que puedas tener.<\/p><p data-sourcepos=\"35:1-35:141\">Somos una Empresa de Toda Garantia&nbsp; y podemos aportar informes de nuestros clientes.&nbsp;<\/p>\n<\/div>\t\t\t\t\t\t\t\t<\/div>\n\t\t\t\t<\/div>\n\t\t\t\t\t<\/div>\n\t\t<\/div>\n\t\t\t\t\t<\/div>\n\t\t<\/section>\n\t\t\t\t<section class=\"elementor-section elementor-top-section elementor-element elementor-element-1880492 elementor-section-boxed elementor-section-height-default elementor-section-height-default\" data-id=\"1880492\" data-element_type=\"section\" data-e-type=\"section\">\n\t\t\t\t\t\t<div class=\"elementor-container elementor-column-gap-default\">\n\t\t\t\t\t<div class=\"elementor-column elementor-col-50 elementor-top-column elementor-element elementor-element-7720167\" data-id=\"7720167\" data-element_type=\"column\" data-e-type=\"column\">\n\t\t\t<div class=\"elementor-widget-wrap elementor-element-populated\">\n\t\t\t\t\t\t<div class=\"elementor-element elementor-element-cf02fb4 elementor-widget elementor-widget-image\" data-id=\"cf02fb4\" data-element_type=\"widget\" data-e-type=\"widget\" data-widget_type=\"image.default\">\n\t\t\t\t<div class=\"elementor-widget-container\">\n\t\t\t\t\t\t\t\t\t\t\t\t\t\t\t<img decoding=\"async\" width=\"150\" height=\"150\" src=\"https:\/\/miperlanegra.es\/wp-content\/uploads\/2024\/01\/wapsaap-150x150.png\" class=\"attachment-thumbnail size-thumbnail wp-image-593\" alt=\"\" \/>\t\t\t\t\t\t\t\t\t\t\t\t\t\t\t<\/div>\n\t\t\t\t<\/div>\n\t\t\t\t\t<\/div>\n\t\t<\/div>\n\t\t\t\t<div class=\"elementor-column elementor-col-50 elementor-top-column elementor-element elementor-element-8f7e328\" data-id=\"8f7e328\" data-element_type=\"column\" data-e-type=\"column\">\n\t\t\t<div class=\"elementor-widget-wrap elementor-element-populated\">\n\t\t\t\t\t\t<div class=\"elementor-element elementor-element-426e132 elementor-widget elementor-widget-heading\" data-id=\"426e132\" data-element_type=\"widget\" data-e-type=\"widget\" data-widget_type=\"heading.default\">\n\t\t\t\t<div class=\"elementor-widget-container\">\n\t\t\t\t\t<h3 class=\"elementor-heading-title elementor-size-default\">Contactanos via email. comercialmd@gmail.com<br> o al telefono o WasApp  692 034 917<br><\/h3>\t\t\t\t<\/div>\n\t\t\t\t<\/div>\n\t\t\t\t\t<\/div>\n\t\t<\/div>\n\t\t\t\t\t<\/div>\n\t\t<\/section>\n\t\t\t\t<\/div>\n\t\t","protected":false},"excerpt":{"rendered":"<p>Qui\u00e9nes somos\u00bfQui\u00e9n es el responsable del tratamiento de sus datos?&nbsp; &nbsp; Nombre Comercial : &nbsp;MIPERLANEGRA&nbsp;&nbsp;:&nbsp;C\/ Vela 3 , Bajo , 29630, Torrequebrada. Benalmadena Costa .&nbsp; Malaga . Tel\u00e9fono de contacto:&nbsp;+34 692 034 917 La direcci\u00f3n de nuestra web es:&nbsp;https:\/\/miperlanegra.es Somos una&nbsp; empresa dedicada a la venta y personalizaci\u00f3n de vestuario laboral en diferentes formatos ( [&hellip;]<\/p>\n","protected":false},"author":1,"featured_media":0,"parent":0,"menu_order":0,"comment_status":"closed","ping_status":"open","template":"","meta":{"_monsterinsights_skip_tracking":false,"_monsterinsights_sitenote_active":false,"_monsterinsights_sitenote_note":"","_monsterinsights_sitenote_category":0,"_uf_show_specific_survey":0,"_uf_disable_surveys":false,"footnotes":""},"class_list":["post-2","page","type-page","status-publish","hentry"],"aioseo_notices":[],"jetpack_sharing_enabled":true,"_links":{"self":[{"href":"https:\/\/miperlanegra.es\/index.php\/wp-json\/wp\/v2\/pages\/2","targetHints":{"allow":["GET"]}}],"collection":[{"href":"https:\/\/miperlanegra.es\/index.php\/wp-json\/wp\/v2\/pages"}],"about":[{"href":"https:\/\/miperlanegra.es\/index.php\/wp-json\/wp\/v2\/types\/page"}],"author":[{"embeddable":true,"href":"https:\/\/miperlanegra.es\/index.php\/wp-json\/wp\/v2\/users\/1"}],"replies":[{"embeddable":true,"href":"https:\/\/miperlanegra.es\/index.php\/wp-json\/wp\/v2\/comments?post=2"}],"version-history":[{"count":50,"href":"https:\/\/miperlanegra.es\/index.php\/wp-json\/wp\/v2\/pages\/2\/revisions"}],"predecessor-version":[{"id":807,"href":"https:\/\/miperlanegra.es\/index.php\/wp-json\/wp\/v2\/pages\/2\/revisions\/807"}],"wp:attachment":[{"href":"https:\/\/miperlanegra.es\/index.php\/wp-json\/wp\/v2\/media?parent=2"}],"curies":[{"name":"wp","href":"https:\/\/api.w.org\/{rel}","templated":true}]}}