{"id":20,"date":"2023-08-13T19:23:58","date_gmt":"2023-08-13T17:23:58","guid":{"rendered":"https:\/\/miperlanegra.es\/?page_id=20"},"modified":"2024-03-19T18:57:57","modified_gmt":"2024-03-19T17:57:57","slug":"inicio","status":"publish","type":"page","link":"https:\/\/miperlanegra.es\/","title":{"rendered":"Inicio"},"content":{"rendered":"\t\t<div data-elementor-type=\"wp-page\" data-elementor-id=\"20\" class=\"elementor elementor-20\">\n\t\t\t\t\t\t<section class=\"elementor-section elementor-top-section elementor-element elementor-element-89a303e elementor-section-boxed elementor-section-height-default elementor-section-height-default\" data-id=\"89a303e\" data-element_type=\"section\" data-e-type=\"section\">\n\t\t\t\t\t\t<div class=\"elementor-container elementor-column-gap-default\">\n\t\t\t\t\t<div class=\"elementor-column elementor-col-50 elementor-top-column elementor-element elementor-element-76336c3\" data-id=\"76336c3\" data-element_type=\"column\" data-e-type=\"column\">\n\t\t\t<div class=\"elementor-widget-wrap\">\n\t\t\t\t\t\t\t<\/div>\n\t\t<\/div>\n\t\t\t\t<div class=\"elementor-column elementor-col-50 elementor-top-column elementor-element elementor-element-8c43ded\" data-id=\"8c43ded\" data-element_type=\"column\" data-e-type=\"column\">\n\t\t\t<div class=\"elementor-widget-wrap\">\n\t\t\t\t\t\t\t<\/div>\n\t\t<\/div>\n\t\t\t\t\t<\/div>\n\t\t<\/section>\n\t\t\t\t<section class=\"elementor-section elementor-top-section elementor-element elementor-element-27292cb elementor-section-boxed elementor-section-height-default elementor-section-height-default\" data-id=\"27292cb\" data-element_type=\"section\" data-e-type=\"section\">\n\t\t\t\t\t\t<div class=\"elementor-container elementor-column-gap-default\">\n\t\t\t\t\t<div class=\"elementor-column elementor-col-33 elementor-top-column elementor-element elementor-element-fd77219\" data-id=\"fd77219\" data-element_type=\"column\" data-e-type=\"column\">\n\t\t\t<div class=\"elementor-widget-wrap elementor-element-populated\">\n\t\t\t\t\t\t<div class=\"elementor-element elementor-element-fd54b82 elementor-widget elementor-widget-image\" data-id=\"fd54b82\" data-element_type=\"widget\" data-e-type=\"widget\" data-widget_type=\"image.default\">\n\t\t\t\t<div class=\"elementor-widget-container\">\n\t\t\t\t\t\t\t\t\t\t\t\t\t\t\t<img fetchpriority=\"high\" decoding=\"async\" width=\"338\" height=\"490\" src=\"https:\/\/miperlanegra.es\/wp-content\/uploads\/2024\/03\/chaqueta-cremallera5.png\" class=\"attachment-large size-large wp-image-650\" alt=\"\" srcset=\"https:\/\/miperlanegra.es\/wp-content\/uploads\/2024\/03\/chaqueta-cremallera5.png 338w, https:\/\/miperlanegra.es\/wp-content\/uploads\/2024\/03\/chaqueta-cremallera5-207x300.png 207w\" sizes=\"(max-width: 338px) 100vw, 338px\" \/>\t\t\t\t\t\t\t\t\t\t\t\t\t\t\t<\/div>\n\t\t\t\t<\/div>\n\t\t\t\t\t<\/div>\n\t\t<\/div>\n\t\t\t\t<div class=\"elementor-column elementor-col-66 elementor-top-column elementor-element elementor-element-0c4e0ad\" data-id=\"0c4e0ad\" data-element_type=\"column\" data-e-type=\"column\">\n\t\t\t<div class=\"elementor-widget-wrap elementor-element-populated\">\n\t\t\t\t\t\t<div class=\"elementor-element elementor-element-e0e3c69 elementor-widget elementor-widget-text-editor\" data-id=\"e0e3c69\" data-element_type=\"widget\" data-e-type=\"widget\" data-widget_type=\"text-editor.default\">\n\t\t\t\t<div class=\"elementor-widget-container\">\n\t\t\t\t\t\t\t\t\t<p>As\u00ed es como puedes destacar esta temporada con nuestra ropa laboral de calidad. Descubre nuestra nueva colecci\u00f3n de ropa resistente y c\u00f3moda para el trabajo. Desde uniformes corporativos hasta prendas de protecci\u00f3n especializada, ofrecemos una amplia gama de opciones para satisfacer las necesidades de tu empresa. \u00a1Aprovecha nuestras promociones especiales de temporada y equipa a tu equipo con estilo y seguridad!\u00bb<\/p>\t\t\t\t\t\t\t\t<\/div>\n\t\t\t\t<\/div>\n\t\t\t\t\t<\/div>\n\t\t<\/div>\n\t\t\t\t\t<\/div>\n\t\t<\/section>\n\t\t\t\t<section class=\"elementor-section elementor-top-section elementor-element elementor-element-6d1eeca elementor-section-boxed elementor-section-height-default elementor-section-height-default\" data-id=\"6d1eeca\" data-element_type=\"section\" data-e-type=\"section\">\n\t\t\t\t\t\t<div class=\"elementor-container elementor-column-gap-default\">\n\t\t\t\t\t<div class=\"elementor-column elementor-col-50 elementor-top-column elementor-element elementor-element-6f91b3a\" data-id=\"6f91b3a\" data-element_type=\"column\" data-e-type=\"column\">\n\t\t\t<div class=\"elementor-widget-wrap elementor-element-populated\">\n\t\t\t\t\t\t<div class=\"elementor-element elementor-element-fb4f44a elementor-widget elementor-widget-image\" data-id=\"fb4f44a\" data-element_type=\"widget\" data-e-type=\"widget\" data-widget_type=\"image.default\">\n\t\t\t\t<div class=\"elementor-widget-container\">\n\t\t\t\t\t\t\t\t\t\t\t\t\t\t\t<img decoding=\"async\" width=\"300\" height=\"125\" src=\"https:\/\/miperlanegra.es\/wp-content\/uploads\/2023\/10\/Contacte-con-nosotros-300x125.jpg\" class=\"attachment-medium size-medium wp-image-469\" alt=\"\" srcset=\"https:\/\/miperlanegra.es\/wp-content\/uploads\/2023\/10\/Contacte-con-nosotros-300x125.jpg 300w, https:\/\/miperlanegra.es\/wp-content\/uploads\/2023\/10\/Contacte-con-nosotros-1024x426.jpg 1024w, https:\/\/miperlanegra.es\/wp-content\/uploads\/2023\/10\/Contacte-con-nosotros-768x319.jpg 768w, https:\/\/miperlanegra.es\/wp-content\/uploads\/2023\/10\/Contacte-con-nosotros.jpg 1386w\" sizes=\"(max-width: 300px) 100vw, 300px\" \/>\t\t\t\t\t\t\t\t\t\t\t\t\t\t\t<\/div>\n\t\t\t\t<\/div>\n\t\t\t\t\t<\/div>\n\t\t<\/div>\n\t\t\t\t<div class=\"elementor-column elementor-col-50 elementor-top-column elementor-element elementor-element-5bedb2e\" data-id=\"5bedb2e\" data-element_type=\"column\" data-e-type=\"column\">\n\t\t\t<div class=\"elementor-widget-wrap elementor-element-populated\">\n\t\t\t\t\t\t<div class=\"elementor-element elementor-element-749c859 elementor-widget__width-initial elementor-widget elementor-widget-text-editor\" data-id=\"749c859\" data-element_type=\"widget\" data-e-type=\"widget\" data-widget_type=\"text-editor.default\">\n\t\t\t\t<div class=\"elementor-widget-container\">\n\t\t\t\t\t\t\t\t\t<h4><span style=\"color: #333300;\">Para hacer un pedido o solicitar mayor informaci\u00f2n contacte con nosotros via email, o por telefono, pasaremos a hacerles un visita programada .\u00a0\u00a0<\/span><\/h4>\t\t\t\t\t\t\t\t<\/div>\n\t\t\t\t<\/div>\n\t\t\t\t\t<\/div>\n\t\t<\/div>\n\t\t\t\t\t<\/div>\n\t\t<\/section>\n\t\t\t\t<section class=\"elementor-section elementor-top-section elementor-element elementor-element-f8e9b78 elementor-section-boxed elementor-section-height-default elementor-section-height-default\" data-id=\"f8e9b78\" data-element_type=\"section\" data-e-type=\"section\">\n\t\t\t\t\t\t<div class=\"elementor-container elementor-column-gap-default\">\n\t\t\t\t\t<div class=\"elementor-column elementor-col-16 elementor-top-column elementor-element elementor-element-69d519f\" data-id=\"69d519f\" data-element_type=\"column\" data-e-type=\"column\">\n\t\t\t<div class=\"elementor-widget-wrap elementor-element-populated\">\n\t\t\t\t\t\t<div class=\"elementor-element elementor-element-a0080dc elementor-widget elementor-widget-image\" data-id=\"a0080dc\" data-element_type=\"widget\" data-e-type=\"widget\" data-widget_type=\"image.default\">\n\t\t\t\t<div class=\"elementor-widget-container\">\n\t\t\t\t\t\t\t\t\t\t\t\t\t\t\t<img decoding=\"async\" width=\"590\" height=\"590\" src=\"https:\/\/miperlanegra.es\/wp-content\/uploads\/2024\/01\/bata-de-limpieza-2083-2-340290_h_f_es-es.webp\" class=\"attachment-large size-large wp-image-600\" alt=\"\" srcset=\"https:\/\/miperlanegra.es\/wp-content\/uploads\/2024\/01\/bata-de-limpieza-2083-2-340290_h_f_es-es.webp 590w, https:\/\/miperlanegra.es\/wp-content\/uploads\/2024\/01\/bata-de-limpieza-2083-2-340290_h_f_es-es-300x300.webp 300w, https:\/\/miperlanegra.es\/wp-content\/uploads\/2024\/01\/bata-de-limpieza-2083-2-340290_h_f_es-es-150x150.webp 150w, https:\/\/miperlanegra.es\/wp-content\/uploads\/2024\/01\/bata-de-limpieza-2083-2-340290_h_f_es-es-350x350.webp 350w\" sizes=\"(max-width: 590px) 100vw, 590px\" \/>\t\t\t\t\t\t\t\t\t\t\t\t\t\t\t<\/div>\n\t\t\t\t<\/div>\n\t\t\t\t\t<\/div>\n\t\t<\/div>\n\t\t\t\t<div class=\"elementor-column elementor-col-16 elementor-top-column elementor-element elementor-element-26c7242\" data-id=\"26c7242\" data-element_type=\"column\" data-e-type=\"column\">\n\t\t\t<div class=\"elementor-widget-wrap elementor-element-populated\">\n\t\t\t\t\t\t<div class=\"elementor-element elementor-element-37110ac elementor-widget elementor-widget-image\" data-id=\"37110ac\" data-element_type=\"widget\" data-e-type=\"widget\" data-widget_type=\"image.default\">\n\t\t\t\t<div class=\"elementor-widget-container\">\n\t\t\t\t\t\t\t\t\t\t\t\t\t\t\t<img loading=\"lazy\" decoding=\"async\" width=\"150\" height=\"150\" src=\"https:\/\/miperlanegra.es\/wp-content\/uploads\/2023\/08\/8256522M-150x150.jpg\" class=\"attachment-thumbnail size-thumbnail wp-image-239\" alt=\"\" \/>\t\t\t\t\t\t\t\t\t\t\t\t\t\t\t<\/div>\n\t\t\t\t<\/div>\n\t\t\t\t\t<\/div>\n\t\t<\/div>\n\t\t\t\t<div class=\"elementor-column elementor-col-16 elementor-top-column elementor-element elementor-element-4184308\" data-id=\"4184308\" data-element_type=\"column\" data-e-type=\"column\">\n\t\t\t<div class=\"elementor-widget-wrap elementor-element-populated\">\n\t\t\t\t\t\t<div class=\"elementor-element elementor-element-693213f elementor-widget elementor-widget-image\" data-id=\"693213f\" data-element_type=\"widget\" data-e-type=\"widget\" data-widget_type=\"image.default\">\n\t\t\t\t<div class=\"elementor-widget-container\">\n\t\t\t\t\t\t\t\t\t\t\t\t\t\t\t<img loading=\"lazy\" decoding=\"async\" width=\"150\" height=\"150\" src=\"https:\/\/miperlanegra.es\/wp-content\/uploads\/2023\/08\/n03167A-150x150.jpg\" class=\"attachment-thumbnail size-thumbnail wp-image-244\" alt=\"\" srcset=\"https:\/\/miperlanegra.es\/wp-content\/uploads\/2023\/08\/n03167A-150x150.jpg 150w, https:\/\/miperlanegra.es\/wp-content\/uploads\/2023\/08\/n03167A-600x600.jpg 600w\" sizes=\"(max-width: 150px) 100vw, 150px\" \/>\t\t\t\t\t\t\t\t\t\t\t\t\t\t\t<\/div>\n\t\t\t\t<\/div>\n\t\t\t\t\t<\/div>\n\t\t<\/div>\n\t\t\t\t<div class=\"elementor-column elementor-col-16 elementor-top-column elementor-element elementor-element-3e15eb2\" data-id=\"3e15eb2\" data-element_type=\"column\" data-e-type=\"column\">\n\t\t\t<div class=\"elementor-widget-wrap elementor-element-populated\">\n\t\t\t\t\t\t<div class=\"elementor-element elementor-element-40c8e54 elementor-widget elementor-widget-image\" data-id=\"40c8e54\" data-element_type=\"widget\" data-e-type=\"widget\" data-widget_type=\"image.default\">\n\t\t\t\t<div class=\"elementor-widget-container\">\n\t\t\t\t\t\t\t\t\t\t\t\t\t\t\t<img loading=\"lazy\" decoding=\"async\" width=\"150\" height=\"150\" src=\"https:\/\/miperlanegra.es\/wp-content\/uploads\/2023\/09\/662200-145-YL-150x150.jpg\" class=\"attachment-thumbnail size-thumbnail wp-image-300\" alt=\"\" srcset=\"https:\/\/miperlanegra.es\/wp-content\/uploads\/2023\/09\/662200-145-YL-150x150.jpg 150w, https:\/\/miperlanegra.es\/wp-content\/uploads\/2023\/09\/662200-145-YL-300x300.jpg 300w, https:\/\/miperlanegra.es\/wp-content\/uploads\/2023\/09\/662200-145-YL-768x768.jpg 768w, https:\/\/miperlanegra.es\/wp-content\/uploads\/2023\/09\/662200-145-YL-600x600.jpg 600w, https:\/\/miperlanegra.es\/wp-content\/uploads\/2023\/09\/662200-145-YL.jpg 1024w\" sizes=\"(max-width: 150px) 100vw, 150px\" \/>\t\t\t\t\t\t\t\t\t\t\t\t\t\t\t<\/div>\n\t\t\t\t<\/div>\n\t\t\t\t\t<\/div>\n\t\t<\/div>\n\t\t\t\t<div class=\"elementor-column elementor-col-16 elementor-top-column elementor-element elementor-element-9c0d792\" data-id=\"9c0d792\" data-element_type=\"column\" data-e-type=\"column\">\n\t\t\t<div class=\"elementor-widget-wrap elementor-element-populated\">\n\t\t\t\t\t\t<div class=\"elementor-element elementor-element-7536234 elementor-widget elementor-widget-image\" data-id=\"7536234\" data-element_type=\"widget\" data-e-type=\"widget\" data-widget_type=\"image.default\">\n\t\t\t\t<div class=\"elementor-widget-container\">\n\t\t\t\t\t\t\t\t\t\t\t\t\t\t\t<img loading=\"lazy\" decoding=\"async\" width=\"150\" height=\"150\" src=\"https:\/\/miperlanegra.es\/wp-content\/uploads\/2023\/08\/camisa-hosteleria-con-logo.jpg\" class=\"attachment-large size-large wp-image-499\" alt=\"\" \/>\t\t\t\t\t\t\t\t\t\t\t\t\t\t\t<\/div>\n\t\t\t\t<\/div>\n\t\t\t\t\t<\/div>\n\t\t<\/div>\n\t\t\t\t<div class=\"elementor-column elementor-col-16 elementor-top-column elementor-element elementor-element-1319228\" data-id=\"1319228\" data-element_type=\"column\" data-e-type=\"column\">\n\t\t\t<div class=\"elementor-widget-wrap elementor-element-populated\">\n\t\t\t\t\t\t<div class=\"elementor-element elementor-element-c6f4506 elementor-widget elementor-widget-image\" data-id=\"c6f4506\" data-element_type=\"widget\" data-e-type=\"widget\" data-widget_type=\"image.default\">\n\t\t\t\t<div class=\"elementor-widget-container\">\n\t\t\t\t\t\t\t\t\t\t\t\t\t\t\t<img loading=\"lazy\" decoding=\"async\" width=\"400\" height=\"400\" src=\"https:\/\/miperlanegra.es\/wp-content\/uploads\/2023\/09\/chquetacocina.png\" class=\"attachment-large size-large wp-image-320\" alt=\"\" srcset=\"https:\/\/miperlanegra.es\/wp-content\/uploads\/2023\/09\/chquetacocina.png 400w, https:\/\/miperlanegra.es\/wp-content\/uploads\/2023\/09\/chquetacocina-300x300.png 300w, https:\/\/miperlanegra.es\/wp-content\/uploads\/2023\/09\/chquetacocina-150x150.png 150w\" sizes=\"(max-width: 400px) 100vw, 400px\" \/>\t\t\t\t\t\t\t\t\t\t\t\t\t\t\t<\/div>\n\t\t\t\t<\/div>\n\t\t\t\t\t<\/div>\n\t\t<\/div>\n\t\t\t\t\t<\/div>\n\t\t<\/section>\n\t\t\t\t<\/div>\n\t\t","protected":false},"excerpt":{"rendered":"<p>As\u00ed es como puedes destacar esta temporada con nuestra ropa laboral de calidad. Descubre nuestra nueva colecci\u00f3n de ropa resistente y c\u00f3moda para el trabajo. Desde uniformes corporativos hasta prendas de protecci\u00f3n especializada, ofrecemos una amplia gama de opciones para satisfacer las necesidades de tu empresa. \u00a1Aprovecha nuestras promociones especiales de temporada y equipa a [&hellip;]<\/p>\n","protected":false},"author":1,"featured_media":0,"parent":0,"menu_order":0,"comment_status":"closed","ping_status":"closed","template":"","meta":{"_monsterinsights_skip_tracking":false,"_monsterinsights_sitenote_active":false,"_monsterinsights_sitenote_note":"","_monsterinsights_sitenote_category":0,"_uf_show_specific_survey":0,"_uf_disable_surveys":false,"footnotes":""},"class_list":["post-20","page","type-page","status-publish","hentry"],"aioseo_notices":[],"jetpack_sharing_enabled":true,"_links":{"self":[{"href":"https:\/\/miperlanegra.es\/index.php\/wp-json\/wp\/v2\/pages\/20","targetHints":{"allow":["GET"]}}],"collection":[{"href":"https:\/\/miperlanegra.es\/index.php\/wp-json\/wp\/v2\/pages"}],"about":[{"href":"https:\/\/miperlanegra.es\/index.php\/wp-json\/wp\/v2\/types\/page"}],"author":[{"embeddable":true,"href":"https:\/\/miperlanegra.es\/index.php\/wp-json\/wp\/v2\/users\/1"}],"replies":[{"embeddable":true,"href":"https:\/\/miperlanegra.es\/index.php\/wp-json\/wp\/v2\/comments?post=20"}],"version-history":[{"count":90,"href":"https:\/\/miperlanegra.es\/index.php\/wp-json\/wp\/v2\/pages\/20\/revisions"}],"predecessor-version":[{"id":653,"href":"https:\/\/miperlanegra.es\/index.php\/wp-json\/wp\/v2\/pages\/20\/revisions\/653"}],"wp:attachment":[{"href":"https:\/\/miperlanegra.es\/index.php\/wp-json\/wp\/v2\/media?parent=20"}],"curies":[{"name":"wp","href":"https:\/\/api.w.org\/{rel}","templated":true}]}}