{"id":332,"date":"2023-10-09T13:51:34","date_gmt":"2023-10-09T11:51:34","guid":{"rendered":"https:\/\/miperlanegra.es\/?page_id=332"},"modified":"2024-02-18T13:00:28","modified_gmt":"2024-02-18T12:00:28","slug":"condiciones-generales","status":"publish","type":"page","link":"https:\/\/miperlanegra.es\/index.php\/condiciones-generales\/","title":{"rendered":"C.Generales"},"content":{"rendered":"\t\t<div data-elementor-type=\"wp-page\" data-elementor-id=\"332\" class=\"elementor elementor-332\">\n\t\t\t\t\t\t<section class=\"elementor-section elementor-top-section elementor-element elementor-element-fb077dd elementor-section-boxed elementor-section-height-default elementor-section-height-default\" data-id=\"fb077dd\" data-element_type=\"section\" data-e-type=\"section\">\n\t\t\t\t\t\t<div class=\"elementor-container elementor-column-gap-default\">\n\t\t\t\t\t<div class=\"elementor-column elementor-col-100 elementor-top-column elementor-element elementor-element-8b14d92\" data-id=\"8b14d92\" data-element_type=\"column\" data-e-type=\"column\">\n\t\t\t<div class=\"elementor-widget-wrap elementor-element-populated\">\n\t\t\t\t\t\t<div class=\"elementor-element elementor-element-1393b3f elementor-widget elementor-widget-text-editor\" data-id=\"1393b3f\" data-element_type=\"widget\" data-e-type=\"widget\" data-widget_type=\"text-editor.default\">\n\t\t\t\t<div class=\"elementor-widget-container\">\n\t\t\t\t\t\t\t\t\t<h6><span style=\"color: #003300;\"><strong>CONDICIONES GENERALES DE VENTA <\/strong><\/span><\/h6><h6><span style=\"color: #003300;\"><strong>\u00a0<\/strong><strong>INTRODUCCION<\/strong><\/span><\/h6><h6 style=\"text-align: left;\"><span style=\"color: #003300;\">Los t\u00e9rminos y condiciones generales de venta detallados en este documento regulan el proceso de compraventa de los productos ofertados y disponibles, y establece las relaciones\u00a0<span style=\"font-size: 14px;\">entre comprador (usted) y vendedor (miperlanegra.es).<\/span><\/span><\/h6><h6 style=\"text-align: left;\"><span style=\"color: #003300;\">Estos t\u00e9rminos y condiciones generales de venta son los \u00fanicos aplicables y remplazan todas las dem\u00e1s condiciones hasta la fecha.<\/span><\/h6><h6 style=\"text-align: left;\"><span style=\"color: #003300;\">El hecho de realizar su pedido indica autom\u00e1ticamente que acepta nuestras condiciones generales.<\/span><\/h6><h6 style=\"text-align: left;\"><span style=\"color: #003300;\">Miperlanegra.es, se reserva el derecho de cambiar y modificar las condiciones generales de venta sin previo aviso, los productos, su disponibilidad, precios y tarifas, condiciones\u00a0<span style=\"font-size: 14px;\">de pago y cr\u00e9dito, horarios de atenci\u00f3n al cliente, etc., o cualquier otra que considere en cualquier momento.<\/span><\/span><\/h6><ol style=\"text-align: left;\" start=\"2\"><li><h6><span style=\"color: #003300;\"><strong> MERCANC\u00cdA<\/strong><\/span><\/h6><\/li><\/ol><h6 style=\"text-align: left;\"><span style=\"color: #003300;\">Los art\u00edculos incluidos en cat\u00e1logo pueden sufrir modificaciones con respecto a la reproducci\u00f3n gr\u00e1fica en cat\u00e1logo.\u00a0<span style=\"font-size: 14px;\">Su disponibilidad queda supeditada al stock existente.<\/span><\/span><\/h6><h6 style=\"text-align: left;\"><span style=\"color: #003300;\">Cursamos sus solicitudes de productos de fabricaci\u00f3n especial previo presupuesto y aceptaci\u00f3n del mismo.<\/span><\/h6><h6 style=\"text-align: left;\"><span style=\"color: #003300;\"><strong>3.COMO HACER PEDIDO<\/strong><\/span><\/h6><h6 style=\"text-align: left;\"><span style=\"color: #003300;\">Uno de nuestros comerciales pasar\u00e1 por sus oficinas y acordaran tanto el\/o\/los articulos a seleccionar tanto en tallas, colores, logos, etc. <\/span><\/h6><h6 style=\"text-align: left;\"><span style=\"color: #003300;\">No se pueden hacer pedidos via ONLINE , solamente de forma presencial. <\/span><\/h6><h6 style=\"text-align: left;\"><span style=\"color: #003300;\">una vez acordadas las particularidades del pedido pasaremos al cliente \u00a0un propuesta PROFORMA por escrito para confirmar la aceptaci\u00f3n del pedido y sus condiciones. <\/span><\/h6><ol style=\"text-align: left;\" start=\"4\"><li><h6><span style=\"color: #003300;\"><strong> PRECIO<\/strong><\/span><\/h6><\/li><\/ol><h6 style=\"text-align: left;\"><span style=\"color: #003300;\">Los precios ser\u00e1n los vigentes en la fecha de env\u00edo de la mercanc\u00eda.<\/span><\/h6><h6 style=\"text-align: left;\"><span style=\"color: #003300;\">Los precios de venta indicados est\u00e1n en euros y no incluyen el impuesto sobre el valor a\u00f1adido (IVA) u otros que pudieran corresponder.<\/span><\/h6><h6 style=\"text-align: left;\"><span style=\"color: #003300;\">Los presupuestos de fabricaci\u00f3n especial tendr\u00e1n una validez de 20 d\u00edas naturales, salvo fuerza mayor y\/o extraordinaria.<\/span><\/h6><h6 style=\"text-align: left;\"><span style=\"color: #003300;\">Miperlanegra.es, se reserva el derecho de modificar sin previo aviso los precios dependiendo de la fluctuaci\u00f3n de la moneda, error tipogr\u00e1fico, incremento de tarifas de nuestros\u00a0<span style=\"font-size: 14px;\">proveedores, etc., <\/span><u style=\"font-size: 14px;\">pero nos comprometemos a informar al cliente en el momento de realizar el pedido<\/u><span style=\"font-size: 14px;\">.<\/span><\/span><\/h6><ol style=\"text-align: left;\" start=\"5\"><li><h6><span style=\"color: #003300;\"><strong> PEDIDO<\/strong><\/span><\/h6><\/li><\/ol><h6 style=\"text-align: left;\"><span style=\"color: #003300;\">Miperlanegra.es. se reserva el derecho de admisi\u00f3n y aceptaci\u00f3n de los pedidos cursados.<\/span><\/h6><h6 style=\"text-align: left;\"><span style=\"color: #003300;\">Todos los pedidos y modificaciones se realizar\u00e1n por escrito para tener constancia escrita de los art\u00edculos solicitados a nuestro . email: comercialmd@gmail.com<\/span><\/h6><h6 style=\"text-align: left;\"><span style=\"color: #003300;\">Los pedidos personalizados (bordado y\/o serigrafia, vinilo, Dtf etc.) se abonar\u00e1 el 40% del importe total del mismo por adelantado.<\/span><\/h6><h6 style=\"text-align: left;\"><span style=\"color: #003300;\">Deber\u00e1n enviarnos el logo en formato .pdf. o vectorial<\/span><\/h6><h6 style=\"text-align: left;\"><span style=\"color: #003300;\"><strong>\u00a06 <\/strong><strong>DISPONIBILIDAD<\/strong><\/span><\/h6><h6 style=\"text-align: left;\"><span style=\"color: #003300;\">Aceptaremos su pedido siempre que haya existencias disponibles. Por lo tanto, los pedidos no se aceptar\u00e1n hasta que se haya comprobado la disponibilidad de las existencias.<\/span><\/h6><h6 style=\"text-align: left;\"><span style=\"color: #003300;\">En caso de que un producto no est\u00e9 disponible despu\u00e9s de que haya aceptado su pedido, le informaremos de ello por correo electr\u00f3nico.<\/span><\/h6><ol style=\"text-align: left;\" start=\"7\"><li><h6><span style=\"color: #003300;\"><strong> FORMA DE PAGO<\/strong><\/span><\/h6><\/li><\/ol><ul style=\"text-align: left;\"><li><h6><span style=\"color: #003300;\">Transferencia: N\u00famero de cuenta reflejado en factura. Una vez realizada, para agilizar el env\u00edo de la mercanc\u00eda adelanten justificante de la operaci\u00f3n por email a: <a style=\"color: #003300;\" href=\"mailto:comercialmd@gmail.com\">comercialmd@gmail.com<\/a><\/span><\/h6><\/li><li><h6><span style=\"color: #003300;\">Bizun :\u00a0 692 034 917<\/span><\/h6><\/li><\/ul><ol style=\"text-align: left;\" start=\"8\"><li><h6><span style=\"color: #003300;\"><strong> DEVOLUCIONES<\/strong><\/span><\/h6><\/li><\/ol><h6 style=\"text-align: left;\"><span style=\"color: #003300;\">Toda reclamaci\u00f3n por disconformidad con un producto ser\u00e1 comunicada v\u00eda email a: <a style=\"color: #003300;\" href=\"mailto:comercialmd@gmail.com\">comercialmd@gmail.com<\/a>\u00a0 en un plazo m\u00e1ximo de siete d\u00edas naturales desde la fecha\u00a0<span style=\"font-size: 14px;\">de recepci\u00f3n del producto.<\/span><\/span><\/h6><h6 style=\"text-align: left;\"><span style=\"color: #003300;\"><strong>Muy Importante<\/strong>:<\/span><\/h6><h6 style=\"text-align: left;\"><span style=\"color: #003300;\">Antes de desembalar la mercanc\u00eda, deber\u00e1 hacer constar cualquier defecto de embalaje en el albar\u00e1n de transporte a fin de habilitar el seguro de transporte y comunicarlo en 24 h.\u00a0<\/span><\/h6><h6 style=\"text-align: left;\"><span style=\"color: #003300;\">No\u00a0<span style=\"font-size: 14px;\">se aceptar\u00e1n reclamaciones de bultos abiertos, extraviado o falta de mercanc\u00eda si no se ha hecho constar en el albar\u00e1n de entrega de la agencia de transportes dicha incidencia.<\/span><\/span><\/h6><h6 style=\"text-align: left;\"><span style=\"color: #003300;\">Todas las devoluciones deben ser autorizadas por miperlanegra.es, quien confirmar\u00e1 la forma de recogida.<\/span><\/h6><h6 style=\"text-align: left;\"><span style=\"color: #003300;\">Los abonos se realizar\u00e1n una vez se haya comprobado que la mercanc\u00eda recibida coincide con la autorizada y est\u00e1 en perfecto estado.<\/span><\/h6><h6 style=\"text-align: left;\"><span style=\"color: #003300;\">No se admitir\u00e1n devoluciones de prendas manipuladas por usted, por ello debe comprobar la mercanc\u00eda antes de realizar sobre la misma ning\u00fan trabajo de serigrafia, bordado, transfer, etc.<\/span><\/h6><h6 style=\"text-align: left;\"><span style=\"color: #003300;\">Se cobrar\u00e1 el 15% por gastos de devoluci\u00f3n y manipulaci\u00f3n.<\/span><\/h6><h6 style=\"text-align: left;\"><span style=\"color: #003300;\">Los gastos originados por devoluci\u00f3n de mercanc\u00eda, cualesquiera que fuera el motivo, correr\u00e1n a cargo del cliente (portes ida y vuelta, etc.)<\/span><\/h6><ol style=\"text-align: left;\" start=\"9\"><li><h6><span style=\"color: #003300;\"><strong> LEY APLICABLE \u2013 LITIGIO<\/strong><\/span><\/h6><\/li><\/ol><h6 style=\"text-align: left;\"><span style=\"color: #003300;\">En el caso de litigio, cualesquiera que fuese la causa, las partes implicadas se someter\u00e1n a los Juzgados y Tribunales de Fuengirola con renuncia expresa en su caso, a cualquier fuero que\u00a0<span style=\"font-size: 14px;\">pudiera corresponderles.<\/span><\/span><\/h6><ol style=\"text-align: left;\" start=\"10\"><li><h6><span style=\"color: #003300;\"><strong> PROTECCI\u00d3N DE DATOS PERSONALES<\/strong><\/span><\/h6><\/li><\/ol><h6 style=\"text-align: left;\"><span style=\"color: #003300;\">En virtud de la Ley Org\u00e1nica 15\/1999, de 13 de diciembre de Protecci\u00f3n de Datos Personales; tiene derecho a acceder y rectificar sus datos personales en cualquier momento enviando\u00a0<span style=\"font-size: 14px;\">un email a la siguiente direcci\u00f3n: comercialmd@gmail.com<\/span><\/span><\/h6>\t\t\t\t\t\t\t\t<\/div>\n\t\t\t\t<\/div>\n\t\t\t\t\t<\/div>\n\t\t<\/div>\n\t\t\t\t\t<\/div>\n\t\t<\/section>\n\t\t\t\t<\/div>\n\t\t","protected":false},"excerpt":{"rendered":"<p>CONDICIONES GENERALES DE VENTA \u00a0INTRODUCCION Los t\u00e9rminos y condiciones generales de venta detallados en este documento regulan el proceso de compraventa de los productos ofertados y disponibles, y establece las relaciones\u00a0entre comprador (usted) y vendedor (miperlanegra.es). Estos t\u00e9rminos y condiciones generales de venta son los \u00fanicos aplicables y remplazan todas las dem\u00e1s condiciones hasta la [&hellip;]<\/p>\n","protected":false},"author":1,"featured_media":0,"parent":0,"menu_order":0,"comment_status":"closed","ping_status":"closed","template":"","meta":{"_monsterinsights_skip_tracking":false,"_monsterinsights_sitenote_active":false,"_monsterinsights_sitenote_note":"","_monsterinsights_sitenote_category":0,"_uf_show_specific_survey":0,"_uf_disable_surveys":false,"footnotes":""},"class_list":["post-332","page","type-page","status-publish","hentry"],"aioseo_notices":[],"jetpack_sharing_enabled":true,"_links":{"self":[{"href":"https:\/\/miperlanegra.es\/index.php\/wp-json\/wp\/v2\/pages\/332","targetHints":{"allow":["GET"]}}],"collection":[{"href":"https:\/\/miperlanegra.es\/index.php\/wp-json\/wp\/v2\/pages"}],"about":[{"href":"https:\/\/miperlanegra.es\/index.php\/wp-json\/wp\/v2\/types\/page"}],"author":[{"embeddable":true,"href":"https:\/\/miperlanegra.es\/index.php\/wp-json\/wp\/v2\/users\/1"}],"replies":[{"embeddable":true,"href":"https:\/\/miperlanegra.es\/index.php\/wp-json\/wp\/v2\/comments?post=332"}],"version-history":[{"count":38,"href":"https:\/\/miperlanegra.es\/index.php\/wp-json\/wp\/v2\/pages\/332\/revisions"}],"predecessor-version":[{"id":606,"href":"https:\/\/miperlanegra.es\/index.php\/wp-json\/wp\/v2\/pages\/332\/revisions\/606"}],"wp:attachment":[{"href":"https:\/\/miperlanegra.es\/index.php\/wp-json\/wp\/v2\/media?parent=332"}],"curies":[{"name":"wp","href":"https:\/\/api.w.org\/{rel}","templated":true}]}}