{"id":559,"date":"2024-01-15T22:15:22","date_gmt":"2024-01-15T21:15:22","guid":{"rendered":"https:\/\/miperlanegra.es\/?page_id=559"},"modified":"2024-06-13T21:28:49","modified_gmt":"2024-06-13T19:28:49","slug":"que-ofrecemos-a-nuestros-clientes","status":"publish","type":"page","link":"https:\/\/miperlanegra.es\/index.php\/que-ofrecemos-a-nuestros-clientes\/","title":{"rendered":"Que Ofrecemos"},"content":{"rendered":"\t\t<div data-elementor-type=\"wp-page\" data-elementor-id=\"559\" class=\"elementor elementor-559\">\n\t\t\t\t\t\t<section class=\"elementor-section elementor-top-section elementor-element elementor-element-7120521 elementor-section-boxed elementor-section-height-default elementor-section-height-default\" data-id=\"7120521\" data-element_type=\"section\" data-e-type=\"section\">\n\t\t\t\t\t\t<div class=\"elementor-container elementor-column-gap-default\">\n\t\t\t\t\t<div class=\"elementor-column elementor-col-50 elementor-top-column elementor-element elementor-element-e8813f4\" data-id=\"e8813f4\" data-element_type=\"column\" data-e-type=\"column\">\n\t\t\t<div class=\"elementor-widget-wrap elementor-element-populated\">\n\t\t\t\t\t\t<div class=\"elementor-element elementor-element-6362190 elementor-widget elementor-widget-text-editor\" data-id=\"6362190\" data-element_type=\"widget\" data-e-type=\"widget\" data-widget_type=\"text-editor.default\">\n\t\t\t\t<div class=\"elementor-widget-container\">\n\t\t\t\t\t\t\t\t\t<p style=\"margin-top: 24px; margin-bottom: 24px; white-space-collapse: preserve; word-break: break-word; color: #1f1f1f; font-family: 'Google Sans', 'Helvetica Neue', sans-serif; font-size: 20px; font-style: normal; font-variant-ligatures: normal; font-variant-caps: normal; font-weight: 400;\" data-sourcepos=\"5:1-5:22\"><span style=\"font-weight: 500;\">Nuestros servicios<\/span><\/p>\n<p style=\"margin-top: 24px; margin-bottom: 24px; white-space-collapse: preserve; word-break: break-word; color: #1f1f1f; font-family: 'Google Sans', 'Helvetica Neue', sans-serif; font-size: 20px; font-style: normal; font-variant-ligatures: normal; font-variant-caps: normal; font-weight: 400;\" data-sourcepos=\"7:1-7:91\">Ofrecemos una amplia gama de servicios de personalizaci\u00f3n de vestuario laboral, incluyendo:<\/p>\n<ul style=\"margin-top: 4px; margin-bottom: 4px; margin-left: 0px; padding-inline-start: 36px; color: #1f1f1f; font-family: 'Google Sans', 'Helvetica Neue', sans-serif; font-size: 20px; font-style: normal; font-variant-ligatures: normal; font-variant-caps: normal; font-weight: 400;\" data-sourcepos=\"9:1-13:0\">\n<li style=\"margin-bottom: 10px;\" data-sourcepos=\"9:1-9:12\">Serigraf\u00eda<\/li>\n<li style=\"margin-bottom: 10px;\" data-sourcepos=\"10:1-10:19\">Impresi\u00f3n digital \/ DTF&nbsp;<\/li>\n<li style=\"margin-bottom: 10px;\" data-sourcepos=\"11:1-11:9\">Bordado<\/li>\n<li style=\"margin-bottom: 10px;\" data-sourcepos=\"12:1-13:0\">Vinilo<\/li>\n<\/ul>\n<p style=\"margin-top: 24px; margin-bottom: 24px; white-space-collapse: preserve; word-break: break-word; color: #1f1f1f; font-family: 'Google Sans', 'Helvetica Neue', sans-serif; font-size: 20px; font-style: normal; font-variant-ligatures: normal; font-variant-caps: normal; font-weight: 400;\" data-sourcepos=\"14:1-14:72\">Tambi\u00e9n ofrecemos una variedad de prendas para personalizar, incluyendo:<\/p>\n<ul style=\"margin-top: 4px; margin-bottom: 4px; margin-left: 0px; padding-inline-start: 36px; color: #1f1f1f; font-family: 'Google Sans', 'Helvetica Neue', sans-serif; font-size: 20px; font-style: normal; font-variant-ligatures: normal; font-variant-caps: normal; font-weight: 400;\" data-sourcepos=\"16:1-24:0\">\n<li style=\"margin-bottom: 10px;\" data-sourcepos=\"16:1-16:11\">Camisetas<\/li><li style=\"margin-bottom: 10px;\" data-sourcepos=\"16:1-16:11\">Camisas&nbsp;<\/li>\n<li style=\"margin-bottom: 10px;\" data-sourcepos=\"17:1-17:7\">Polos<\/li>\n<li style=\"margin-bottom: 10px;\" data-sourcepos=\"18:1-18:11\">Sudaderas<\/li>\n<li style=\"margin-bottom: 10px;\" data-sourcepos=\"19:1-19:10\">Chalecos<\/li>\n<li style=\"margin-bottom: 10px;\" data-sourcepos=\"20:1-20:11\">Chaquetas<\/li>\n<li style=\"margin-bottom: 10px;\" data-sourcepos=\"21:1-21:12\">Pantalones&nbsp;<\/li>\n<li style=\"margin-bottom: 10px;\" data-sourcepos=\"21:1-21:12\">Uniformes&nbsp;<\/li>\n<li style=\"margin-bottom: 10px;\" data-sourcepos=\"23:1-24:0\">Etc.<\/li>\n<\/ul>\n<p style=\"margin-top: 24px; margin-bottom: 24px; white-space-collapse: preserve; word-break: break-word; color: #1f1f1f; font-family: 'Google Sans', 'Helvetica Neue', sans-serif; font-size: 20px; font-style: normal; font-variant-ligatures: normal; font-variant-caps: normal; font-weight: 400;\" data-sourcepos=\"25:1-25:19\"><span style=\"font-weight: 500;\">Nuestra calidad<\/span><\/p>\n<p style=\"margin-top: 24px; margin-bottom: 24px; white-space-collapse: preserve; word-break: break-word; color: #1f1f1f; font-family: 'Google Sans', 'Helvetica Neue', sans-serif; font-size: 20px; font-style: normal; font-variant-ligatures: normal; font-variant-caps: normal; font-weight: 400;\" data-sourcepos=\"27:1-27:220\">Nos comprometemos a ofrecer la mejor calidad en nuestros productos y servicios. Utilizamos solo materiales de alta calidad y nuestro equipo profesional est\u00e1 altamente cualificado para realizar un trabajo de alta calidad.<\/p>\n<p style=\"margin-top: 24px; margin-bottom: 24px; white-space-collapse: preserve; word-break: break-word; color: #1f1f1f; font-family: 'Google Sans', 'Helvetica Neue', sans-serif; font-size: 20px; font-style: normal; font-variant-ligatures: normal; font-variant-caps: normal; font-weight: 400;\" data-sourcepos=\"29:1-29:20\"><span style=\"font-weight: 500;\">Nuestros precios<\/span><\/p>\n<p style=\"margin-top: 24px; margin-bottom: 24px; white-space-collapse: preserve; word-break: break-word; color: #1f1f1f; font-family: 'Google Sans', 'Helvetica Neue', sans-serif; font-size: 20px; font-style: normal; font-variant-ligatures: normal; font-variant-caps: normal; font-weight: 400;\" data-sourcepos=\"31:1-31:166\">Ofrecemos precios competitivos y asequibles para todos nuestros clientes. Nuestro objetivo es proporcionar a nuestros clientes la mejor calidad a un precio asequible.<\/p>\n<p style=\"margin-top: 24px; margin-bottom: 24px; white-space-collapse: preserve; word-break: break-word; color: #1f1f1f; font-family: 'Google Sans', 'Helvetica Neue', sans-serif; font-size: 20px; font-style: normal; font-variant-ligatures: normal; font-variant-caps: normal; font-weight: 400;\" data-sourcepos=\"33:1-33:12\"><span style=\"font-weight: 500;\">Contacto<\/span><\/p>\n<p style=\"margin-top: 24px; margin-bottom: 24px; white-space-collapse: preserve; word-break: break-word; color: #1f1f1f; font-family: 'Google Sans', 'Helvetica Neue', sans-serif; font-size: 20px; font-style: normal; font-variant-ligatures: normal; font-variant-caps: normal; font-weight: 400;\" data-sourcepos=\"35:1-35:141\">Si est\u00e1s interesado en nuestros servicios, no dudes en contactarnos. Estaremos encantados de responder a cualquier pregunta que puedas tener.<\/p>\n<p style=\"margin-top: 24px; margin-bottom: 24px; white-space-collapse: preserve; word-break: break-word; color: #1f1f1f; font-family: 'Google Sans', 'Helvetica Neue', sans-serif; font-size: 20px; font-style: normal; font-variant-ligatures: normal; font-variant-caps: normal; font-weight: 400;\" data-sourcepos=\"35:1-35:141\">Contactanos via email.<\/p>\n<p style=\"margin-top: 24px; margin-bottom: 24px; white-space-collapse: preserve; word-break: break-word; color: #1f1f1f; font-family: 'Google Sans', 'Helvetica Neue', sans-serif; font-size: 20px; font-style: normal; font-variant-ligatures: normal; font-variant-caps: normal; font-weight: 400;\" data-sourcepos=\"35:1-35:141\">comercialmd@gmail.com o al telefono 692 034 917<\/p>\t\t\t\t\t\t\t\t<\/div>\n\t\t\t\t<\/div>\n\t\t\t\t\t<\/div>\n\t\t<\/div>\n\t\t\t\t<div class=\"elementor-column elementor-col-50 elementor-top-column elementor-element elementor-element-730aa52\" data-id=\"730aa52\" data-element_type=\"column\" data-e-type=\"column\">\n\t\t\t<div class=\"elementor-widget-wrap elementor-element-populated\">\n\t\t\t\t\t\t<div class=\"elementor-element elementor-element-4622414 elementor-widget elementor-widget-image\" data-id=\"4622414\" data-element_type=\"widget\" data-e-type=\"widget\" data-widget_type=\"image.default\">\n\t\t\t\t<div class=\"elementor-widget-container\">\n\t\t\t\t\t\t\t\t\t\t\t\t\t\t\t<img decoding=\"async\" width=\"300\" height=\"125\" src=\"https:\/\/miperlanegra.es\/wp-content\/uploads\/2024\/01\/Contacte-con-nosotros-300x125-1.jpg\" class=\"attachment-large size-large wp-image-571\" alt=\"\" \/>\t\t\t\t\t\t\t\t\t\t\t\t\t\t\t<\/div>\n\t\t\t\t<\/div>\n\t\t\t\t<div class=\"elementor-element elementor-element-8eff02f elementor-widget elementor-widget-image\" data-id=\"8eff02f\" data-element_type=\"widget\" data-e-type=\"widget\" data-widget_type=\"image.default\">\n\t\t\t\t<div class=\"elementor-widget-container\">\n\t\t\t\t\t\t\t\t\t\t\t\t\t\t\t<img fetchpriority=\"high\" decoding=\"async\" width=\"300\" height=\"226\" src=\"https:\/\/miperlanegra.es\/wp-content\/uploads\/2023\/08\/0-30-300x226.jpg\" class=\"attachment-medium size-medium wp-image-510\" alt=\"\" srcset=\"https:\/\/miperlanegra.es\/wp-content\/uploads\/2023\/08\/0-30-300x226.jpg 300w, https:\/\/miperlanegra.es\/wp-content\/uploads\/2023\/08\/0-30.jpg 610w\" sizes=\"(max-width: 300px) 100vw, 300px\" \/>\t\t\t\t\t\t\t\t\t\t\t\t\t\t\t<\/div>\n\t\t\t\t<\/div>\n\t\t\t\t<div class=\"elementor-element elementor-element-fb3b7ac elementor-widget elementor-widget-image\" data-id=\"fb3b7ac\" data-element_type=\"widget\" data-e-type=\"widget\" data-widget_type=\"image.default\">\n\t\t\t\t<div class=\"elementor-widget-container\">\n\t\t\t\t\t\t\t\t\t\t\t\t\t\t\t<img decoding=\"async\" width=\"200\" height=\"300\" src=\"https:\/\/miperlanegra.es\/wp-content\/uploads\/2023\/08\/n17020A-200x300.jpg\" class=\"attachment-medium size-medium wp-image-129\" alt=\"\" srcset=\"https:\/\/miperlanegra.es\/wp-content\/uploads\/2023\/08\/n17020A-200x300.jpg 200w, https:\/\/miperlanegra.es\/wp-content\/uploads\/2023\/08\/n17020A-683x1024.jpg 683w, https:\/\/miperlanegra.es\/wp-content\/uploads\/2023\/08\/n17020A-768x1152.jpg 768w, https:\/\/miperlanegra.es\/wp-content\/uploads\/2023\/08\/n17020A-1024x1536.jpg 1024w, https:\/\/miperlanegra.es\/wp-content\/uploads\/2023\/08\/n17020A-1366x2048.jpg 1366w, https:\/\/miperlanegra.es\/wp-content\/uploads\/2023\/08\/n17020A-scaled.jpg 1707w\" sizes=\"(max-width: 200px) 100vw, 200px\" \/>\t\t\t\t\t\t\t\t\t\t\t\t\t\t\t<\/div>\n\t\t\t\t<\/div>\n\t\t\t\t<div class=\"elementor-element elementor-element-8a6d81a elementor-widget elementor-widget-image\" data-id=\"8a6d81a\" data-element_type=\"widget\" data-e-type=\"widget\" data-widget_type=\"image.default\">\n\t\t\t\t<div class=\"elementor-widget-container\">\n\t\t\t\t\t\t\t\t\t\t\t\t\t\t\t<img loading=\"lazy\" decoding=\"async\" width=\"610\" height=\"460\" src=\"https:\/\/miperlanegra.es\/wp-content\/uploads\/2024\/01\/0-21.jpg\" class=\"attachment-large size-large wp-image-586\" alt=\"\" srcset=\"https:\/\/miperlanegra.es\/wp-content\/uploads\/2024\/01\/0-21.jpg 610w, https:\/\/miperlanegra.es\/wp-content\/uploads\/2024\/01\/0-21-300x226.jpg 300w\" sizes=\"(max-width: 610px) 100vw, 610px\" \/>\t\t\t\t\t\t\t\t\t\t\t\t\t\t\t<\/div>\n\t\t\t\t<\/div>\n\t\t\t\t<div class=\"elementor-element elementor-element-6934538 elementor-widget elementor-widget-image\" data-id=\"6934538\" data-element_type=\"widget\" data-e-type=\"widget\" data-widget_type=\"image.default\">\n\t\t\t\t<div class=\"elementor-widget-container\">\n\t\t\t\t\t\t\t\t\t\t\t\t\t\t\t<img loading=\"lazy\" decoding=\"async\" width=\"239\" height=\"300\" src=\"https:\/\/miperlanegra.es\/wp-content\/uploads\/2024\/01\/jhktshirt_wkvienna_0-239x300.jpg\" class=\"attachment-medium size-medium wp-image-587\" alt=\"\" srcset=\"https:\/\/miperlanegra.es\/wp-content\/uploads\/2024\/01\/jhktshirt_wkvienna_0-239x300.jpg 239w, https:\/\/miperlanegra.es\/wp-content\/uploads\/2024\/01\/jhktshirt_wkvienna_0-815x1024.jpg 815w, https:\/\/miperlanegra.es\/wp-content\/uploads\/2024\/01\/jhktshirt_wkvienna_0-768x965.jpg 768w, https:\/\/miperlanegra.es\/wp-content\/uploads\/2024\/01\/jhktshirt_wkvienna_0-1223x1536.jpg 1223w, https:\/\/miperlanegra.es\/wp-content\/uploads\/2024\/01\/jhktshirt_wkvienna_0-1024x1286.jpg 1024w, https:\/\/miperlanegra.es\/wp-content\/uploads\/2024\/01\/jhktshirt_wkvienna_0.jpg 1242w\" sizes=\"(max-width: 239px) 100vw, 239px\" \/>\t\t\t\t\t\t\t\t\t\t\t\t\t\t\t<\/div>\n\t\t\t\t<\/div>\n\t\t\t\t<div class=\"elementor-element elementor-element-98f76c6 elementor-widget elementor-widget-image\" data-id=\"98f76c6\" data-element_type=\"widget\" data-e-type=\"widget\" data-widget_type=\"image.default\">\n\t\t\t\t<div class=\"elementor-widget-container\">\n\t\t\t\t\t\t\t\t\t\t\t\t\t\t\t<img loading=\"lazy\" decoding=\"async\" width=\"150\" height=\"150\" src=\"https:\/\/miperlanegra.es\/wp-content\/uploads\/2024\/01\/ROPA-DE-CAMARERO-150x150.png\" class=\"attachment-thumbnail size-thumbnail wp-image-588\" alt=\"\" srcset=\"https:\/\/miperlanegra.es\/wp-content\/uploads\/2024\/01\/ROPA-DE-CAMARERO-150x150.png 150w, https:\/\/miperlanegra.es\/wp-content\/uploads\/2024\/01\/ROPA-DE-CAMARERO-350x350.png 350w\" sizes=\"(max-width: 150px) 100vw, 150px\" \/>\t\t\t\t\t\t\t\t\t\t\t\t\t\t\t<\/div>\n\t\t\t\t<\/div>\n\t\t\t\t\t<\/div>\n\t\t<\/div>\n\t\t\t\t\t<\/div>\n\t\t<\/section>\n\t\t\t\t<\/div>\n\t\t","protected":false},"excerpt":{"rendered":"<p>Nuestros servicios Ofrecemos una amplia gama de servicios de personalizaci\u00f3n de vestuario laboral, incluyendo: Serigraf\u00eda Impresi\u00f3n digital \/ DTF&nbsp; Bordado Vinilo Tambi\u00e9n ofrecemos una variedad de prendas para personalizar, incluyendo: Camisetas Camisas&nbsp; Polos Sudaderas Chalecos Chaquetas Pantalones&nbsp; Uniformes&nbsp; Etc. Nuestra calidad Nos comprometemos a ofrecer la mejor calidad en nuestros productos y servicios. Utilizamos solo [&hellip;]<\/p>\n","protected":false},"author":1,"featured_media":0,"parent":0,"menu_order":0,"comment_status":"closed","ping_status":"closed","template":"","meta":{"_monsterinsights_skip_tracking":false,"_monsterinsights_sitenote_active":false,"_monsterinsights_sitenote_note":"","_monsterinsights_sitenote_category":0,"_uf_show_specific_survey":0,"_uf_disable_surveys":false,"footnotes":""},"class_list":["post-559","page","type-page","status-publish","hentry"],"aioseo_notices":[],"jetpack_sharing_enabled":true,"_links":{"self":[{"href":"https:\/\/miperlanegra.es\/index.php\/wp-json\/wp\/v2\/pages\/559","targetHints":{"allow":["GET"]}}],"collection":[{"href":"https:\/\/miperlanegra.es\/index.php\/wp-json\/wp\/v2\/pages"}],"about":[{"href":"https:\/\/miperlanegra.es\/index.php\/wp-json\/wp\/v2\/types\/page"}],"author":[{"embeddable":true,"href":"https:\/\/miperlanegra.es\/index.php\/wp-json\/wp\/v2\/users\/1"}],"replies":[{"embeddable":true,"href":"https:\/\/miperlanegra.es\/index.php\/wp-json\/wp\/v2\/comments?post=559"}],"version-history":[{"count":20,"href":"https:\/\/miperlanegra.es\/index.php\/wp-json\/wp\/v2\/pages\/559\/revisions"}],"predecessor-version":[{"id":663,"href":"https:\/\/miperlanegra.es\/index.php\/wp-json\/wp\/v2\/pages\/559\/revisions\/663"}],"wp:attachment":[{"href":"https:\/\/miperlanegra.es\/index.php\/wp-json\/wp\/v2\/media?parent=559"}],"curies":[{"name":"wp","href":"https:\/\/api.w.org\/{rel}","templated":true}]}}