{"id":664,"date":"2024-06-13T21:29:40","date_gmt":"2024-06-13T19:29:40","guid":{"rendered":"https:\/\/miperlanegra.es\/?page_id=664"},"modified":"2026-03-17T14:42:47","modified_gmt":"2026-03-17T13:42:47","slug":"ofertas","status":"publish","type":"page","link":"https:\/\/miperlanegra.es\/index.php\/ofertas\/","title":{"rendered":"Ofertas"},"content":{"rendered":"\t\t<div data-elementor-type=\"wp-page\" data-elementor-id=\"664\" class=\"elementor elementor-664\">\n\t\t\t\t\t\t<section class=\"elementor-section elementor-top-section elementor-element elementor-element-9c6f115 elementor-section-boxed elementor-section-height-default elementor-section-height-default\" data-id=\"9c6f115\" data-element_type=\"section\" data-e-type=\"section\">\n\t\t\t\t\t\t<div class=\"elementor-container elementor-column-gap-default\">\n\t\t\t\t\t<div class=\"elementor-column elementor-col-100 elementor-top-column elementor-element elementor-element-b3c40ad\" data-id=\"b3c40ad\" data-element_type=\"column\" data-e-type=\"column\">\n\t\t\t<div class=\"elementor-widget-wrap elementor-element-populated\">\n\t\t\t\t\t\t<div class=\"elementor-element elementor-element-27e7f3f elementor-widget elementor-widget-image\" data-id=\"27e7f3f\" data-element_type=\"widget\" data-e-type=\"widget\" data-widget_type=\"image.default\">\n\t\t\t\t<div class=\"elementor-widget-container\">\n\t\t\t\t\t\t\t\t\t\t\t\t\t\t\t<img fetchpriority=\"high\" decoding=\"async\" width=\"300\" height=\"300\" src=\"https:\/\/miperlanegra.es\/wp-content\/uploads\/2024\/11\/OFERTA-300x300.jpg\" class=\"attachment-medium size-medium wp-image-707\" alt=\"\" srcset=\"https:\/\/miperlanegra.es\/wp-content\/uploads\/2024\/11\/OFERTA-300x300.jpg 300w, https:\/\/miperlanegra.es\/wp-content\/uploads\/2024\/11\/OFERTA-150x150.jpg 150w, https:\/\/miperlanegra.es\/wp-content\/uploads\/2024\/11\/OFERTA-350x350.jpg 350w, https:\/\/miperlanegra.es\/wp-content\/uploads\/2024\/11\/OFERTA.jpg 500w\" sizes=\"(max-width: 300px) 100vw, 300px\" \/>\t\t\t\t\t\t\t\t\t\t\t\t\t\t\t<\/div>\n\t\t\t\t<\/div>\n\t\t\t\t\t<\/div>\n\t\t<\/div>\n\t\t\t\t\t<\/div>\n\t\t<\/section>\n\t\t\t\t<section class=\"elementor-section elementor-top-section elementor-element elementor-element-58f9670 elementor-section-boxed elementor-section-height-default elementor-section-height-default\" data-id=\"58f9670\" data-element_type=\"section\" data-e-type=\"section\">\n\t\t\t\t\t\t<div class=\"elementor-container elementor-column-gap-default\">\n\t\t\t\t\t<div class=\"elementor-column elementor-col-100 elementor-top-column elementor-element elementor-element-b7d02f1\" data-id=\"b7d02f1\" data-element_type=\"column\" data-e-type=\"column\">\n\t\t\t<div class=\"elementor-widget-wrap elementor-element-populated\">\n\t\t\t\t\t\t<div class=\"elementor-element elementor-element-3ff9f0c elementor-widget elementor-widget-text-editor\" data-id=\"3ff9f0c\" data-element_type=\"widget\" data-e-type=\"widget\" data-widget_type=\"text-editor.default\">\n\t\t\t\t<div class=\"elementor-widget-container\">\n\t\t\t\t\t\t\t\t\t<h6><span style=\"color: #000080;\"><b>Camiseta<\/b>\u00a0de\u00a0<b>manga corta<\/b>,\u00a0<b>cuello redondo<\/b>\u00a0y\u00a0<b>corte regular<\/b>, su inmejorable relaci\u00f3n calidad-precio y disponibilidad en amplia gama de colores y tallas, la hacen nuestra\u00a0<b>camiseta<\/b>\u00a0m\u00e1s vendida.<\/span><\/h6><ul><li><h6><span style=\"color: #000080;\">Confeccionada en tejido tubular de punto liso\u00a0<b>100% algod\u00f3n<\/b>\u00a0Ring Spun suave y confortable.<\/span><\/h6><\/li><li><h6><span style=\"color: #000080;\"><b>Cuello redondo<\/b>\u00a0de canal\u00e9 el\u00e1stico que se adapta c\u00f3modamente.<\/span><\/h6><\/li><li><h6><span style=\"color: #000080;\">Doble pespunte en cuello, bajo y mangas que aumenta su resistencia.<\/span><\/h6><\/li><\/ul><ul><li><h6><span style=\"color: #000080;\">Cinta interior de hombro a hombro que refuerza y mantiene su forma.<\/span><\/h6><\/li><\/ul><ul><li><h6><span style=\"color: #000080;\">M\u00e9todos id\u00f3neos de marcaje: serigraf\u00eda, transfer, vinilo, bordados, cosidos.<\/span><\/h6><\/li><\/ul><ul><li><h6><span style=\"color: #000080;\">Ideal para m\u00faltiples usos:\u00a0<b>ropa laboral<\/b>,\u00a0<b>textil promocional<\/b>, merchandising, suvenir,\u00a0<b>fiestas populares<\/b>,\u00a0<b>ropa deportiva<\/b>,\u00a0<b>uniforme escolar<\/b>, etc.<\/span><\/h6><\/li><\/ul>\t\t\t\t\t\t\t\t<\/div>\n\t\t\t\t<\/div>\n\t\t\t\t\t<\/div>\n\t\t<\/div>\n\t\t\t\t\t<\/div>\n\t\t<\/section>\n\t\t\t\t<section class=\"elementor-section elementor-top-section elementor-element elementor-element-8e98e8d elementor-section-boxed elementor-section-height-default elementor-section-height-default\" data-id=\"8e98e8d\" data-element_type=\"section\" data-e-type=\"section\">\n\t\t\t\t\t\t<div class=\"elementor-container elementor-column-gap-default\">\n\t\t\t\t\t<div class=\"elementor-column elementor-col-50 elementor-top-column elementor-element elementor-element-418b543\" data-id=\"418b543\" data-element_type=\"column\" data-e-type=\"column\">\n\t\t\t<div class=\"elementor-widget-wrap elementor-element-populated\">\n\t\t\t\t\t\t<div class=\"elementor-element elementor-element-36ccf8c elementor-widget elementor-widget-image\" data-id=\"36ccf8c\" data-element_type=\"widget\" data-e-type=\"widget\" data-widget_type=\"image.default\">\n\t\t\t\t<div class=\"elementor-widget-container\">\n\t\t\t\t\t\t\t\t\t\t\t\t\t\t\t<img decoding=\"async\" width=\"300\" height=\"300\" src=\"https:\/\/miperlanegra.es\/wp-content\/uploads\/2024\/06\/Camiseta-logo-El-Italiano-300x300.jpg\" class=\"attachment-medium size-medium wp-image-667\" alt=\"\" srcset=\"https:\/\/miperlanegra.es\/wp-content\/uploads\/2024\/06\/Camiseta-logo-El-Italiano-300x300.jpg 300w, https:\/\/miperlanegra.es\/wp-content\/uploads\/2024\/06\/Camiseta-logo-El-Italiano-1024x1024.jpg 1024w, https:\/\/miperlanegra.es\/wp-content\/uploads\/2024\/06\/Camiseta-logo-El-Italiano-150x150.jpg 150w, https:\/\/miperlanegra.es\/wp-content\/uploads\/2024\/06\/Camiseta-logo-El-Italiano-768x768.jpg 768w, https:\/\/miperlanegra.es\/wp-content\/uploads\/2024\/06\/Camiseta-logo-El-Italiano-1536x1536.jpg 1536w, https:\/\/miperlanegra.es\/wp-content\/uploads\/2024\/06\/Camiseta-logo-El-Italiano-350x350.jpg 350w, https:\/\/miperlanegra.es\/wp-content\/uploads\/2024\/06\/Camiseta-logo-El-Italiano.jpg 2000w\" sizes=\"(max-width: 300px) 100vw, 300px\" \/>\t\t\t\t\t\t\t\t\t\t\t\t\t\t\t<\/div>\n\t\t\t\t<\/div>\n\t\t\t\t\t<\/div>\n\t\t<\/div>\n\t\t\t\t<div class=\"elementor-column elementor-col-50 elementor-top-column elementor-element elementor-element-f03bdf9\" data-id=\"f03bdf9\" data-element_type=\"column\" data-e-type=\"column\">\n\t\t\t<div class=\"elementor-widget-wrap elementor-element-populated\">\n\t\t\t\t\t\t<div class=\"elementor-element elementor-element-2dc123d elementor-widget elementor-widget-text-editor\" data-id=\"2dc123d\" data-element_type=\"widget\" data-e-type=\"widget\" data-widget_type=\"text-editor.default\">\n\t\t\t\t<div class=\"elementor-widget-container\">\n\t\t\t\t\t\t\t\t\t<h4><span style=\"color: #0000ff;\"><b>OFERTA DE PRIMAVERA\u00a0<\/b><\/span><\/h4>\t\t\t\t\t\t\t\t<\/div>\n\t\t\t\t<\/div>\n\t\t\t\t<div class=\"elementor-element elementor-element-91fad05 elementor-widget elementor-widget-text-editor\" data-id=\"91fad05\" data-element_type=\"widget\" data-e-type=\"widget\" data-widget_type=\"text-editor.default\">\n\t\t\t\t<div class=\"elementor-widget-container\">\n\t\t\t\t\t\t\t\t\t<h4>&nbsp;<span style=\"color: rgb(0, 51, 102); font-family: var( --e-global-typography-text-font-family ), Sans-serif; font-weight: 400;\">SE PUEDE PERSONALIZAR A PARTIR DE 12 UNIDADES&nbsp;&nbsp;<\/span><\/h4>\n<p><span style=\"color: #003366; font-weight: normal;\">PRECIO CAMISETA EN BLANCO&nbsp; 3,45\u20ac&nbsp; UNIDAD&nbsp;<br><\/span><span style=\"color: #003366;\"><span style=\"font-weight: normal;\">PRECIO PERSONALIZACION LOGO EN LATERAL DEL PECHO&nbsp; EN DTF . 2,50 \u20ac UNIDAD<\/span><br><\/span><span style=\"color: #003366;\">P<span style=\"font-weight: normal;\">RECIO CAMISETA EN DIVERSOS COLORES A ELEGIR&nbsp; 3,75 \u20ac UNIDAD<br><\/span><\/span><span style=\"font-weight: normal;\"><span style=\"color: #003366;\">PORTES DE ENVIO A PARTIR DE 85 \u20ac&nbsp; GRATIS EN PENINSULA&nbsp;<br><\/span><span style=\"color: #003366;\">IVA NO INCLUIDO&nbsp;<\/span><\/span><\/p>\t\t\t\t\t\t\t\t<\/div>\n\t\t\t\t<\/div>\n\t\t\t\t\t<\/div>\n\t\t<\/div>\n\t\t\t\t\t<\/div>\n\t\t<\/section>\n\t\t\t\t<section class=\"elementor-section elementor-top-section elementor-element elementor-element-4617e48 elementor-section-boxed elementor-section-height-default elementor-section-height-default\" data-id=\"4617e48\" data-element_type=\"section\" data-e-type=\"section\">\n\t\t\t\t\t\t<div class=\"elementor-container elementor-column-gap-default\">\n\t\t\t\t\t<div class=\"elementor-column elementor-col-50 elementor-top-column elementor-element elementor-element-211e7cf\" data-id=\"211e7cf\" data-element_type=\"column\" data-e-type=\"column\">\n\t\t\t<div class=\"elementor-widget-wrap elementor-element-populated\">\n\t\t\t\t\t\t<div class=\"elementor-element elementor-element-5de999b elementor-widget elementor-widget-image\" data-id=\"5de999b\" data-element_type=\"widget\" data-e-type=\"widget\" data-widget_type=\"image.default\">\n\t\t\t\t<div class=\"elementor-widget-container\">\n\t\t\t\t\t\t\t\t\t\t\t\t\t\t\t<img decoding=\"async\" width=\"815\" height=\"1024\" src=\"https:\/\/miperlanegra.es\/wp-content\/uploads\/2024\/11\/jhktshirt_softjackl_0-815x1024.jpg\" class=\"attachment-large size-large wp-image-695\" alt=\"\" srcset=\"https:\/\/miperlanegra.es\/wp-content\/uploads\/2024\/11\/jhktshirt_softjackl_0-815x1024.jpg 815w, https:\/\/miperlanegra.es\/wp-content\/uploads\/2024\/11\/jhktshirt_softjackl_0-239x300.jpg 239w, https:\/\/miperlanegra.es\/wp-content\/uploads\/2024\/11\/jhktshirt_softjackl_0-768x965.jpg 768w, https:\/\/miperlanegra.es\/wp-content\/uploads\/2024\/11\/jhktshirt_softjackl_0-1223x1536.jpg 1223w, https:\/\/miperlanegra.es\/wp-content\/uploads\/2024\/11\/jhktshirt_softjackl_0-1024x1286.jpg 1024w, https:\/\/miperlanegra.es\/wp-content\/uploads\/2024\/11\/jhktshirt_softjackl_0.jpg 1242w\" sizes=\"(max-width: 815px) 100vw, 815px\" \/>\t\t\t\t\t\t\t\t\t\t\t\t\t\t\t<\/div>\n\t\t\t\t<\/div>\n\t\t\t\t<div class=\"elementor-element elementor-element-453e5b3 elementor-widget elementor-widget-heading\" data-id=\"453e5b3\" data-element_type=\"widget\" data-e-type=\"widget\" data-widget_type=\"heading.default\">\n\t\t\t\t<div class=\"elementor-widget-container\">\n\t\t\t\t\t<h4 class=\"elementor-heading-title elementor-size-default\">PARA NO PASAR FRIO ESTE INVIERNO<\/h4>\t\t\t\t<\/div>\n\t\t\t\t<\/div>\n\t\t\t\t\t<\/div>\n\t\t<\/div>\n\t\t\t\t<div class=\"elementor-column elementor-col-50 elementor-top-column elementor-element elementor-element-919821e\" data-id=\"919821e\" data-element_type=\"column\" data-e-type=\"column\">\n\t\t\t<div class=\"elementor-widget-wrap elementor-element-populated\">\n\t\t\t\t\t\t<div class=\"elementor-element elementor-element-ae57c8a elementor-widget elementor-widget-text-editor\" data-id=\"ae57c8a\" data-element_type=\"widget\" data-e-type=\"widget\" data-widget_type=\"text-editor.default\">\n\t\t\t\t<div class=\"elementor-widget-container\">\n\t\t\t\t\t\t\t\t\t<ul><li><b><span style=\"color: var(--primary-text); font-family: inherit; font-size: 0.9375rem; background-color: #ffffff; text-align: inherit; overflow-wrap: break-word; animation-name: none !important; transition-property: none !important;\"><span style=\"text-align: inherit; overflow-wrap: break-word; animation-name: none !important; transition-property: none !important;\">Modelo SOFTJACKL \u00a1\u00a1 OFERTA EXCLUSIVA !! 24\u20ac Und.<\/span><\/span><span style=\"color: var(--primary-text); font-family: inherit; font-size: 0.9375rem; background-color: #ffffff;\">\u00a0<\/span><span style=\"background-color: #ffffff; color: var(--primary-text); font-family: inherit; font-size: 0.9375rem;\">+ 8\u20ac de Porte en Peninsula.\u00a0<\/span><\/b><\/li><\/ul><h6><span style=\"color: var(--primary-text); font-family: inherit; font-size: 0.9375rem; background-color: #ffffff; font-weight: var( --e-global-typography-text-font-weight );\">Chaqueta softshell para mujer, ligeramente entallada, con tejido interior de forro polar en el mismo tono. Tiene cremallera entera, 3 bolsillos laterales y 3 capas con membranas transpirables<\/span><span style=\"color: var(--primary-text); font-family: inherit; font-size: 0.9375rem; background-color: #ffffff; font-weight: var( --e-global-typography-text-font-weight ); text-align: inherit; overflow-wrap: break-word; animation-name: none !important; transition-property: none !important;\"><span style=\"font-weight: 600; text-align: inherit; overflow-wrap: break-word; animation-name: none !important; transition-property: none !important;\">.<\/span><\/span><span style=\"color: var(--primary-text); font-family: inherit; font-size: 0.9375rem; background-color: #ffffff; font-weight: var( --e-global-typography-text-font-weight );\">\u00a0Un complemento perfecto para el uniforme laboral cuando se trabaja en exteriores o para actividades al aire libre. Disponible en 6 colores y desde la talla S hasta la XL.<\/span><\/h6><div style=\"font-family: 'Segoe UI Historic', 'Segoe UI', Helvetica, Arial, sans-serif; color: #080809; font-size: 18.75px; background-color: #ffffff; animation-name: none !important; transition-property: none !important;\" tabindex=\"-1\"><p style=\"margin-bottom: 8px; font-family: inherit; animation-name: none !important; transition-property: none !important;\"><span style=\"overflow-wrap: break-word; max-width: 100%; word-break: break-word; font-family: inherit; font-size: 0.9375rem; line-height: 1.3333; color: #000000; min-width: 0px; animation-name: none !important; transition-property: none !important;\">Caracter\u00edsticas:<\/span><\/p><\/div><ul><li style=\"list-style-type: var(--listStyleType); --liststyletype: inherit; animation-name: none !important; transition-property: none !important;\"><div style=\"margin-bottom: 8px; font-family: inherit; animation-name: none !important; transition-property: none !important;\"><span style=\"overflow-wrap: break-word; max-width: 100%; word-break: break-word; font-family: inherit; font-size: 0.9375rem; line-height: 1.3333; color: #000000; min-width: 0px; animation-name: none !important; transition-property: none !important;\">Chaqueta con cremallera entera.\u00a0<\/span><span style=\"color: #000000; font-family: inherit; font-size: 0.9375rem;\">Ligeramente entallada.<\/span><\/div><\/li><\/ul><ul><li style=\"list-style-type: var(--listStyleType); --liststyletype: inherit; animation-name: none !important; transition-property: none !important;\"><div style=\"margin-bottom: 8px; font-family: inherit; animation-name: none !important; transition-property: none !important;\"><span style=\"overflow-wrap: break-word; max-width: 100%; word-break: break-word; font-family: inherit; font-size: 0.9375rem; line-height: 1.3333; color: #000000; min-width: 0px; animation-name: none !important; transition-property: none !important;\">Bolsillos laterales con cremallera.\u00a0<\/span><span style=\"color: #000000; font-family: inherit; font-size: 0.9375rem;\">Tres capas con membranas transpirables.<\/span><\/div><\/li><\/ul><ul><li style=\"list-style-type: var(--listStyleType); --liststyletype: inherit; animation-name: none !important; transition-property: none !important;\"><div style=\"margin-bottom: 8px; font-family: inherit; animation-name: none !important; transition-property: none !important;\"><span style=\"overflow-wrap: break-word; max-width: 100%; word-break: break-word; font-family: inherit; font-size: 0.9375rem; line-height: 1.3333; color: #000000; min-width: 0px; animation-name: none !important; transition-property: none !important;\">Interior a tono con tejido de forro polar con tancas.\u00a0<\/span><\/div><\/li><\/ul><ul><li style=\"list-style-type: var(--listStyleType); --liststyletype: inherit; animation-name: none !important; transition-property: none !important;\"><div style=\"margin-bottom: 8px; font-family: inherit; animation-name: none !important; transition-property: none !important;\"><span style=\"color: #000000; font-family: inherit; font-size: 0.9375rem; font-weight: var( --e-global-typography-text-font-weight );\">Exterior: 94% Poli\u00e9ster reciclado \/ 6% Elastano. Interior: 100% Poli\u00e9ster. Gramaje: 300 gr.<\/span><\/div><\/li><\/ul><div style=\"margin-bottom: 8px; font-family: inherit; animation-name: none !important; transition-property: none !important;\"><span style=\"overflow-wrap: break-word; max-width: 100%; word-break: break-word; font-family: inherit; font-size: 0.9375rem; line-height: 1.3333; color: #000000; min-width: 0px; animation-name: none !important; transition-property: none !important;\">Pedidos al Tlf o WhatsApp 692 034 917\u00a0 o E.mail: comercialmd@gmail.com<\/span><\/div><div style=\"font-family: 'Segoe UI Historic', 'Segoe UI', Helvetica, Arial, sans-serif; color: #080809; font-size: 18.75px; background-color: #ffffff; animation-name: none !important; transition-property: none !important;\" tabindex=\"-1\"><p style=\"margin-bottom: 8px; font-family: inherit; animation-name: none !important; transition-property: none !important;\"><span style=\"overflow-wrap: break-word; max-width: 100%; word-break: break-word; font-family: inherit; font-size: 0.9375rem; line-height: 1.3333; color: #000000; min-width: 0px; animation-name: none !important; transition-property: none !important;\">Plazo de entrega 3-5 dias en funcion de la provincia.<\/span><\/p><\/div>\t\t\t\t\t\t\t\t<\/div>\n\t\t\t\t<\/div>\n\t\t\t\t\t<\/div>\n\t\t<\/div>\n\t\t\t\t\t<\/div>\n\t\t<\/section>\n\t\t\t\t<section class=\"elementor-section elementor-top-section elementor-element elementor-element-26fb3fe elementor-section-boxed elementor-section-height-default elementor-section-height-default\" data-id=\"26fb3fe\" data-element_type=\"section\" data-e-type=\"section\">\n\t\t\t\t\t\t<div class=\"elementor-container elementor-column-gap-default\">\n\t\t\t\t\t<div class=\"elementor-column elementor-col-100 elementor-top-column elementor-element elementor-element-b09cd8a\" data-id=\"b09cd8a\" data-element_type=\"column\" data-e-type=\"column\">\n\t\t\t<div class=\"elementor-widget-wrap elementor-element-populated\">\n\t\t\t\t\t\t<div class=\"elementor-element elementor-element-6ca0d7b elementor-widget elementor-widget-image\" data-id=\"6ca0d7b\" data-element_type=\"widget\" data-e-type=\"widget\" data-widget_type=\"image.default\">\n\t\t\t\t<div class=\"elementor-widget-container\">\n\t\t\t\t\t\t\t\t\t\t\t\t\t\t\t<img loading=\"lazy\" decoding=\"async\" width=\"820\" height=\"461\" src=\"https:\/\/miperlanegra.es\/wp-content\/uploads\/2024\/11\/467398679_2324921937857266_9144003412721292427_n-1024x576.jpg\" class=\"attachment-large size-large wp-image-700\" alt=\"\" srcset=\"https:\/\/miperlanegra.es\/wp-content\/uploads\/2024\/11\/467398679_2324921937857266_9144003412721292427_n-1024x576.jpg 1024w, https:\/\/miperlanegra.es\/wp-content\/uploads\/2024\/11\/467398679_2324921937857266_9144003412721292427_n-300x169.jpg 300w, https:\/\/miperlanegra.es\/wp-content\/uploads\/2024\/11\/467398679_2324921937857266_9144003412721292427_n-768x432.jpg 768w, https:\/\/miperlanegra.es\/wp-content\/uploads\/2024\/11\/467398679_2324921937857266_9144003412721292427_n-1536x864.jpg 1536w, https:\/\/miperlanegra.es\/wp-content\/uploads\/2024\/11\/467398679_2324921937857266_9144003412721292427_n-1280x720.jpg 1280w, https:\/\/miperlanegra.es\/wp-content\/uploads\/2024\/11\/467398679_2324921937857266_9144003412721292427_n.jpg 1920w\" sizes=\"(max-width: 820px) 100vw, 820px\" \/>\t\t\t\t\t\t\t\t\t\t\t\t\t\t\t<\/div>\n\t\t\t\t<\/div>\n\t\t\t\t\t<\/div>\n\t\t<\/div>\n\t\t\t\t\t<\/div>\n\t\t<\/section>\n\t\t\t\t<section class=\"elementor-section elementor-top-section elementor-element elementor-element-a6903e8 elementor-section-boxed elementor-section-height-default elementor-section-height-default\" data-id=\"a6903e8\" data-element_type=\"section\" data-e-type=\"section\">\n\t\t\t\t\t\t<div class=\"elementor-container elementor-column-gap-default\">\n\t\t\t\t\t<div class=\"elementor-column elementor-col-100 elementor-top-column elementor-element elementor-element-008c750\" data-id=\"008c750\" data-element_type=\"column\" data-e-type=\"column\">\n\t\t\t<div class=\"elementor-widget-wrap elementor-element-populated\">\n\t\t\t\t\t\t<div class=\"elementor-element elementor-element-b76ac28 elementor-widget elementor-widget-heading\" data-id=\"b76ac28\" data-element_type=\"widget\" data-e-type=\"widget\" data-widget_type=\"heading.default\">\n\t\t\t\t<div class=\"elementor-widget-container\">\n\t\t\t\t\t<h3 class=\"elementor-heading-title elementor-size-default\">Pidelo a nuestro e.mail comercialmd@gmail.com      o al Whatsapp 692 034 917  <\/h3>\t\t\t\t<\/div>\n\t\t\t\t<\/div>\n\t\t\t\t\t<\/div>\n\t\t<\/div>\n\t\t\t\t\t<\/div>\n\t\t<\/section>\n\t\t\t\t<\/div>\n\t\t","protected":false},"excerpt":{"rendered":"<p>Camiseta\u00a0de\u00a0manga corta,\u00a0cuello redondo\u00a0y\u00a0corte regular, su inmejorable relaci\u00f3n calidad-precio y disponibilidad en amplia gama de colores y tallas, la hacen nuestra\u00a0camiseta\u00a0m\u00e1s vendida. Confeccionada en tejido tubular de punto liso\u00a0100% algod\u00f3n\u00a0Ring Spun suave y confortable. Cuello redondo\u00a0de canal\u00e9 el\u00e1stico que se adapta c\u00f3modamente. Doble pespunte en cuello, bajo y mangas que aumenta su resistencia. Cinta interior de [&hellip;]<\/p>\n","protected":false},"author":1,"featured_media":0,"parent":0,"menu_order":0,"comment_status":"closed","ping_status":"closed","template":"","meta":{"_monsterinsights_skip_tracking":false,"_monsterinsights_sitenote_active":false,"_monsterinsights_sitenote_note":"","_monsterinsights_sitenote_category":0,"_uf_show_specific_survey":0,"_uf_disable_surveys":false,"footnotes":""},"class_list":["post-664","page","type-page","status-publish","hentry"],"aioseo_notices":[],"jetpack_sharing_enabled":true,"_links":{"self":[{"href":"https:\/\/miperlanegra.es\/index.php\/wp-json\/wp\/v2\/pages\/664","targetHints":{"allow":["GET"]}}],"collection":[{"href":"https:\/\/miperlanegra.es\/index.php\/wp-json\/wp\/v2\/pages"}],"about":[{"href":"https:\/\/miperlanegra.es\/index.php\/wp-json\/wp\/v2\/types\/page"}],"author":[{"embeddable":true,"href":"https:\/\/miperlanegra.es\/index.php\/wp-json\/wp\/v2\/users\/1"}],"replies":[{"embeddable":true,"href":"https:\/\/miperlanegra.es\/index.php\/wp-json\/wp\/v2\/comments?post=664"}],"version-history":[{"count":49,"href":"https:\/\/miperlanegra.es\/index.php\/wp-json\/wp\/v2\/pages\/664\/revisions"}],"predecessor-version":[{"id":825,"href":"https:\/\/miperlanegra.es\/index.php\/wp-json\/wp\/v2\/pages\/664\/revisions\/825"}],"wp:attachment":[{"href":"https:\/\/miperlanegra.es\/index.php\/wp-json\/wp\/v2\/media?parent=664"}],"curies":[{"name":"wp","href":"https:\/\/api.w.org\/{rel}","templated":true}]}}