{"id":84,"date":"2023-08-14T21:38:01","date_gmt":"2023-08-14T19:38:01","guid":{"rendered":"https:\/\/miperlanegra.es\/?page_id=84"},"modified":"2024-03-19T19:03:31","modified_gmt":"2024-03-19T18:03:31","slug":"v-sanitario","status":"publish","type":"page","link":"https:\/\/miperlanegra.es\/index.php\/v-sanitario\/","title":{"rendered":"Sanitario"},"content":{"rendered":"\t\t<div data-elementor-type=\"wp-page\" data-elementor-id=\"84\" class=\"elementor elementor-84\">\n\t\t\t\t\t\t<section class=\"elementor-section elementor-top-section elementor-element elementor-element-fc56652 elementor-section-boxed elementor-section-height-default elementor-section-height-default\" data-id=\"fc56652\" data-element_type=\"section\" data-e-type=\"section\">\n\t\t\t\t\t\t<div class=\"elementor-container elementor-column-gap-default\">\n\t\t\t\t\t<div class=\"elementor-column elementor-col-25 elementor-top-column elementor-element elementor-element-f9c670b\" data-id=\"f9c670b\" data-element_type=\"column\" data-e-type=\"column\">\n\t\t\t<div class=\"elementor-widget-wrap elementor-element-populated\">\n\t\t\t\t\t\t<div class=\"elementor-element elementor-element-5a7de2f elementor-widget elementor-widget-image\" data-id=\"5a7de2f\" data-element_type=\"widget\" data-e-type=\"widget\" data-widget_type=\"image.default\">\n\t\t\t\t<div class=\"elementor-widget-container\">\n\t\t\t\t\t\t\t\t\t\t\t\t\t\t\t<img fetchpriority=\"high\" decoding=\"async\" width=\"200\" height=\"300\" src=\"https:\/\/miperlanegra.es\/wp-content\/uploads\/2024\/03\/1686682095831-200x300.jpg\" class=\"attachment-medium size-medium wp-image-636\" alt=\"\" srcset=\"https:\/\/miperlanegra.es\/wp-content\/uploads\/2024\/03\/1686682095831-200x300.jpg 200w, https:\/\/miperlanegra.es\/wp-content\/uploads\/2024\/03\/1686682095831.jpg 600w\" sizes=\"(max-width: 200px) 100vw, 200px\" \/>\t\t\t\t\t\t\t\t\t\t\t\t\t\t\t<\/div>\n\t\t\t\t<\/div>\n\t\t\t\t\t<\/div>\n\t\t<\/div>\n\t\t\t\t<div class=\"elementor-column elementor-col-25 elementor-top-column elementor-element elementor-element-b021178\" data-id=\"b021178\" data-element_type=\"column\" data-e-type=\"column\">\n\t\t\t<div class=\"elementor-widget-wrap elementor-element-populated\">\n\t\t\t\t\t\t<div class=\"elementor-element elementor-element-1b1e7af elementor-widget elementor-widget-image\" data-id=\"1b1e7af\" data-element_type=\"widget\" data-e-type=\"widget\" data-widget_type=\"image.default\">\n\t\t\t\t<div class=\"elementor-widget-container\">\n\t\t\t\t\t\t\t\t\t\t\t\t\t\t\t<img decoding=\"async\" width=\"202\" height=\"300\" src=\"https:\/\/miperlanegra.es\/wp-content\/uploads\/2023\/08\/casaca4-202x300.png\" class=\"attachment-medium size-medium wp-image-240\" alt=\"\" srcset=\"https:\/\/miperlanegra.es\/wp-content\/uploads\/2023\/08\/casaca4-202x300.png 202w, https:\/\/miperlanegra.es\/wp-content\/uploads\/2023\/08\/casaca4.png 327w\" sizes=\"(max-width: 202px) 100vw, 202px\" \/>\t\t\t\t\t\t\t\t\t\t\t\t\t\t\t<\/div>\n\t\t\t\t<\/div>\n\t\t\t\t\t<\/div>\n\t\t<\/div>\n\t\t\t\t<div class=\"elementor-column elementor-col-25 elementor-top-column elementor-element elementor-element-61b04b6\" data-id=\"61b04b6\" data-element_type=\"column\" data-e-type=\"column\">\n\t\t\t<div class=\"elementor-widget-wrap elementor-element-populated\">\n\t\t\t\t\t\t<div class=\"elementor-element elementor-element-634c6bd elementor-widget elementor-widget-image\" data-id=\"634c6bd\" data-element_type=\"widget\" data-e-type=\"widget\" data-widget_type=\"image.default\">\n\t\t\t\t<div class=\"elementor-widget-container\">\n\t\t\t\t\t\t\t\t\t\t\t\t\t\t\t<img decoding=\"async\" width=\"195\" height=\"300\" src=\"https:\/\/miperlanegra.es\/wp-content\/uploads\/2024\/03\/chaqueta2-195x300.png\" class=\"attachment-medium size-medium wp-image-655\" alt=\"\" srcset=\"https:\/\/miperlanegra.es\/wp-content\/uploads\/2024\/03\/chaqueta2-195x300.png 195w, https:\/\/miperlanegra.es\/wp-content\/uploads\/2024\/03\/chaqueta2.png 316w\" sizes=\"(max-width: 195px) 100vw, 195px\" \/>\t\t\t\t\t\t\t\t\t\t\t\t\t\t\t<\/div>\n\t\t\t\t<\/div>\n\t\t\t\t\t<\/div>\n\t\t<\/div>\n\t\t\t\t<div class=\"elementor-column elementor-col-25 elementor-top-column elementor-element elementor-element-9b7f975\" data-id=\"9b7f975\" data-element_type=\"column\" data-e-type=\"column\">\n\t\t\t<div class=\"elementor-widget-wrap elementor-element-populated\">\n\t\t\t\t\t\t<div class=\"elementor-element elementor-element-d56f243 elementor-widget elementor-widget-image\" data-id=\"d56f243\" data-element_type=\"widget\" data-e-type=\"widget\" data-widget_type=\"image.default\">\n\t\t\t\t<div class=\"elementor-widget-container\">\n\t\t\t\t\t\t\t\t\t\t\t\t\t\t\t<img loading=\"lazy\" decoding=\"async\" width=\"200\" height=\"300\" src=\"https:\/\/miperlanegra.es\/wp-content\/uploads\/2023\/08\/8265522M-200x300.jpg\" class=\"attachment-medium size-medium wp-image-56\" alt=\"\" srcset=\"https:\/\/miperlanegra.es\/wp-content\/uploads\/2023\/08\/8265522M-200x300.jpg 200w, https:\/\/miperlanegra.es\/wp-content\/uploads\/2023\/08\/8265522M.jpg 350w\" sizes=\"(max-width: 200px) 100vw, 200px\" \/>\t\t\t\t\t\t\t\t\t\t\t\t\t\t\t<\/div>\n\t\t\t\t<\/div>\n\t\t\t\t\t<\/div>\n\t\t<\/div>\n\t\t\t\t\t<\/div>\n\t\t<\/section>\n\t\t\t\t<section class=\"elementor-section elementor-top-section elementor-element elementor-element-5900273 elementor-section-boxed elementor-section-height-default elementor-section-height-default\" data-id=\"5900273\" data-element_type=\"section\" data-e-type=\"section\">\n\t\t\t\t\t\t<div class=\"elementor-container elementor-column-gap-default\">\n\t\t\t\t\t<div class=\"elementor-column elementor-col-100 elementor-top-column elementor-element elementor-element-09b9a98\" data-id=\"09b9a98\" data-element_type=\"column\" data-e-type=\"column\">\n\t\t\t<div class=\"elementor-widget-wrap\">\n\t\t\t\t\t\t\t<\/div>\n\t\t<\/div>\n\t\t\t\t\t<\/div>\n\t\t<\/section>\n\t\t\t\t<section class=\"elementor-section elementor-top-section elementor-element elementor-element-964c60b elementor-section-boxed elementor-section-height-default elementor-section-height-default\" data-id=\"964c60b\" data-element_type=\"section\" data-e-type=\"section\">\n\t\t\t\t\t\t<div class=\"elementor-container elementor-column-gap-default\">\n\t\t\t\t\t<div class=\"elementor-column elementor-col-20 elementor-top-column elementor-element elementor-element-4868c30\" data-id=\"4868c30\" data-element_type=\"column\" data-e-type=\"column\">\n\t\t\t<div class=\"elementor-widget-wrap elementor-element-populated\">\n\t\t\t\t\t\t<div class=\"elementor-element elementor-element-ce518d6 elementor-widget elementor-widget-image\" data-id=\"ce518d6\" data-element_type=\"widget\" data-e-type=\"widget\" data-widget_type=\"image.default\">\n\t\t\t\t<div class=\"elementor-widget-container\">\n\t\t\t\t\t\t\t\t\t\t\t\t\t\t\t<img loading=\"lazy\" decoding=\"async\" width=\"202\" height=\"300\" src=\"https:\/\/miperlanegra.es\/wp-content\/uploads\/2023\/09\/chaqueta-cremallera4-202x300.png\" class=\"attachment-medium size-medium wp-image-296\" alt=\"\" srcset=\"https:\/\/miperlanegra.es\/wp-content\/uploads\/2023\/09\/chaqueta-cremallera4-202x300.png 202w, https:\/\/miperlanegra.es\/wp-content\/uploads\/2023\/09\/chaqueta-cremallera4.png 330w\" sizes=\"(max-width: 202px) 100vw, 202px\" \/>\t\t\t\t\t\t\t\t\t\t\t\t\t\t\t<\/div>\n\t\t\t\t<\/div>\n\t\t\t\t\t<\/div>\n\t\t<\/div>\n\t\t\t\t<div class=\"elementor-column elementor-col-20 elementor-top-column elementor-element elementor-element-e4342cc\" data-id=\"e4342cc\" data-element_type=\"column\" data-e-type=\"column\">\n\t\t\t<div class=\"elementor-widget-wrap elementor-element-populated\">\n\t\t\t\t\t\t<div class=\"elementor-element elementor-element-54c76bd elementor-widget elementor-widget-image\" data-id=\"54c76bd\" data-element_type=\"widget\" data-e-type=\"widget\" data-widget_type=\"image.default\">\n\t\t\t\t<div class=\"elementor-widget-container\">\n\t\t\t\t\t\t\t\t\t\t\t\t\t\t\t<img loading=\"lazy\" decoding=\"async\" width=\"200\" height=\"300\" src=\"https:\/\/miperlanegra.es\/wp-content\/uploads\/2023\/09\/8181484M-200x300.jpg\" class=\"attachment-medium size-medium wp-image-297\" alt=\"\" srcset=\"https:\/\/miperlanegra.es\/wp-content\/uploads\/2023\/09\/8181484M-200x300.jpg 200w, https:\/\/miperlanegra.es\/wp-content\/uploads\/2023\/09\/8181484M.jpg 350w\" sizes=\"(max-width: 200px) 100vw, 200px\" \/>\t\t\t\t\t\t\t\t\t\t\t\t\t\t\t<\/div>\n\t\t\t\t<\/div>\n\t\t\t\t\t<\/div>\n\t\t<\/div>\n\t\t\t\t<div class=\"elementor-column elementor-col-20 elementor-top-column elementor-element elementor-element-42807e2\" data-id=\"42807e2\" data-element_type=\"column\" data-e-type=\"column\">\n\t\t\t<div class=\"elementor-widget-wrap elementor-element-populated\">\n\t\t\t\t\t\t<div class=\"elementor-element elementor-element-5b143c3 elementor-widget elementor-widget-image\" data-id=\"5b143c3\" data-element_type=\"widget\" data-e-type=\"widget\" data-widget_type=\"image.default\">\n\t\t\t\t<div class=\"elementor-widget-container\">\n\t\t\t\t\t\t\t\t\t\t\t\t\t\t\t<img loading=\"lazy\" decoding=\"async\" width=\"820\" height=\"820\" src=\"https:\/\/miperlanegra.es\/wp-content\/uploads\/2023\/09\/662200-145-YL.jpg\" class=\"attachment-large size-large wp-image-300\" alt=\"\" srcset=\"https:\/\/miperlanegra.es\/wp-content\/uploads\/2023\/09\/662200-145-YL.jpg 1024w, https:\/\/miperlanegra.es\/wp-content\/uploads\/2023\/09\/662200-145-YL-300x300.jpg 300w, https:\/\/miperlanegra.es\/wp-content\/uploads\/2023\/09\/662200-145-YL-150x150.jpg 150w, https:\/\/miperlanegra.es\/wp-content\/uploads\/2023\/09\/662200-145-YL-768x768.jpg 768w, https:\/\/miperlanegra.es\/wp-content\/uploads\/2023\/09\/662200-145-YL-600x600.jpg 600w\" sizes=\"(max-width: 820px) 100vw, 820px\" \/>\t\t\t\t\t\t\t\t\t\t\t\t\t\t\t<\/div>\n\t\t\t\t<\/div>\n\t\t\t\t\t<\/div>\n\t\t<\/div>\n\t\t\t\t<div class=\"elementor-column elementor-col-20 elementor-top-column elementor-element elementor-element-32e83f7\" data-id=\"32e83f7\" data-element_type=\"column\" data-e-type=\"column\">\n\t\t\t<div class=\"elementor-widget-wrap elementor-element-populated\">\n\t\t\t\t\t\t<div class=\"elementor-element elementor-element-4c21534 elementor-widget elementor-widget-image\" data-id=\"4c21534\" data-element_type=\"widget\" data-e-type=\"widget\" data-widget_type=\"image.default\">\n\t\t\t\t<div class=\"elementor-widget-container\">\n\t\t\t\t\t\t\t\t\t\t\t\t\t\t\t<img loading=\"lazy\" decoding=\"async\" width=\"820\" height=\"820\" src=\"https:\/\/miperlanegra.es\/wp-content\/uploads\/2023\/09\/659500-127-L.jpg\" class=\"attachment-large size-large wp-image-299\" alt=\"\" srcset=\"https:\/\/miperlanegra.es\/wp-content\/uploads\/2023\/09\/659500-127-L.jpg 1024w, https:\/\/miperlanegra.es\/wp-content\/uploads\/2023\/09\/659500-127-L-300x300.jpg 300w, https:\/\/miperlanegra.es\/wp-content\/uploads\/2023\/09\/659500-127-L-150x150.jpg 150w, https:\/\/miperlanegra.es\/wp-content\/uploads\/2023\/09\/659500-127-L-768x768.jpg 768w, https:\/\/miperlanegra.es\/wp-content\/uploads\/2023\/09\/659500-127-L-600x600.jpg 600w\" sizes=\"(max-width: 820px) 100vw, 820px\" \/>\t\t\t\t\t\t\t\t\t\t\t\t\t\t\t<\/div>\n\t\t\t\t<\/div>\n\t\t\t\t\t<\/div>\n\t\t<\/div>\n\t\t\t\t<div class=\"elementor-column elementor-col-20 elementor-top-column elementor-element elementor-element-5311761\" data-id=\"5311761\" data-element_type=\"column\" data-e-type=\"column\">\n\t\t\t<div class=\"elementor-widget-wrap elementor-element-populated\">\n\t\t\t\t\t\t<div class=\"elementor-element elementor-element-c41a222 elementor-widget elementor-widget-image\" data-id=\"c41a222\" data-element_type=\"widget\" data-e-type=\"widget\" data-widget_type=\"image.default\">\n\t\t\t\t<div class=\"elementor-widget-container\">\n\t\t\t\t\t\t\t\t\t\t\t\t\t\t\t<img loading=\"lazy\" decoding=\"async\" width=\"820\" height=\"820\" src=\"https:\/\/miperlanegra.es\/wp-content\/uploads\/2023\/09\/655100-107-S.jpg\" class=\"attachment-large size-large wp-image-298\" alt=\"\" srcset=\"https:\/\/miperlanegra.es\/wp-content\/uploads\/2023\/09\/655100-107-S.jpg 1024w, https:\/\/miperlanegra.es\/wp-content\/uploads\/2023\/09\/655100-107-S-300x300.jpg 300w, https:\/\/miperlanegra.es\/wp-content\/uploads\/2023\/09\/655100-107-S-150x150.jpg 150w, https:\/\/miperlanegra.es\/wp-content\/uploads\/2023\/09\/655100-107-S-768x768.jpg 768w, https:\/\/miperlanegra.es\/wp-content\/uploads\/2023\/09\/655100-107-S-600x600.jpg 600w\" sizes=\"(max-width: 820px) 100vw, 820px\" \/>\t\t\t\t\t\t\t\t\t\t\t\t\t\t\t<\/div>\n\t\t\t\t<\/div>\n\t\t\t\t\t<\/div>\n\t\t<\/div>\n\t\t\t\t\t<\/div>\n\t\t<\/section>\n\t\t\t\t<section class=\"elementor-section elementor-top-section elementor-element elementor-element-6769002 elementor-section-boxed elementor-section-height-default elementor-section-height-default\" data-id=\"6769002\" data-element_type=\"section\" data-e-type=\"section\">\n\t\t\t\t\t\t<div class=\"elementor-container elementor-column-gap-default\">\n\t\t\t\t\t<div class=\"elementor-column elementor-col-100 elementor-top-column elementor-element elementor-element-648a176\" data-id=\"648a176\" data-element_type=\"column\" data-e-type=\"column\">\n\t\t\t<div class=\"elementor-widget-wrap elementor-element-populated\">\n\t\t\t\t\t\t<div class=\"elementor-element elementor-element-02d6717 elementor-widget elementor-widget-image\" data-id=\"02d6717\" data-element_type=\"widget\" data-e-type=\"widget\" data-widget_type=\"image.default\">\n\t\t\t\t<div class=\"elementor-widget-container\">\n\t\t\t\t\t\t\t\t\t\t\t\t\t\t\t<img loading=\"lazy\" decoding=\"async\" width=\"300\" height=\"125\" src=\"https:\/\/miperlanegra.es\/wp-content\/uploads\/2023\/10\/Contacte-con-nosotros-300x125.jpg\" class=\"attachment-medium size-medium wp-image-469\" alt=\"\" srcset=\"https:\/\/miperlanegra.es\/wp-content\/uploads\/2023\/10\/Contacte-con-nosotros-300x125.jpg 300w, https:\/\/miperlanegra.es\/wp-content\/uploads\/2023\/10\/Contacte-con-nosotros-1024x426.jpg 1024w, https:\/\/miperlanegra.es\/wp-content\/uploads\/2023\/10\/Contacte-con-nosotros-768x319.jpg 768w, https:\/\/miperlanegra.es\/wp-content\/uploads\/2023\/10\/Contacte-con-nosotros.jpg 1386w\" sizes=\"(max-width: 300px) 100vw, 300px\" \/>\t\t\t\t\t\t\t\t\t\t\t\t\t\t\t<\/div>\n\t\t\t\t<\/div>\n\t\t\t\t\t<\/div>\n\t\t<\/div>\n\t\t\t\t\t<\/div>\n\t\t<\/section>\n\t\t\t\t<section class=\"elementor-section elementor-top-section elementor-element elementor-element-b88012a elementor-section-boxed elementor-section-height-default elementor-section-height-default\" data-id=\"b88012a\" data-element_type=\"section\" data-e-type=\"section\">\n\t\t\t\t\t\t<div class=\"elementor-container elementor-column-gap-default\">\n\t\t\t\t\t<div class=\"elementor-column elementor-col-100 elementor-top-column elementor-element elementor-element-ac57a6d\" data-id=\"ac57a6d\" data-element_type=\"column\" data-e-type=\"column\">\n\t\t\t<div class=\"elementor-widget-wrap elementor-element-populated\">\n\t\t\t\t\t\t<div class=\"elementor-element elementor-element-2c69af1 elementor-widget elementor-widget-text-editor\" data-id=\"2c69af1\" data-element_type=\"widget\" data-e-type=\"widget\" data-widget_type=\"text-editor.default\">\n\t\t\t\t<div class=\"elementor-widget-container\">\n\t\t\t\t\t\t\t\t\t<div class=\"easy_text \">&nbsp;<span style=\"color: rgb(0, 0, 0); font-family: var( --e-global-typography-text-font-family ), Sans-serif; font-weight: var( --e-global-typography-text-font-weight );\">Todos nuestros uniformes son personalizables con su imagen corporativa. Nos amoldamos a cualquier trabajo y presupuesto al trabajar con todas las t\u00e9cnicas del mercado, bordado, serigraf\u00eda, vinilo, transfer serigr\u00e1fico, transfer digital&nbsp; DTF.<\/span><\/div>\n<p>Presupuesto sin compromiso<\/p>\t\t\t\t\t\t\t\t<\/div>\n\t\t\t\t<\/div>\n\t\t\t\t\t<\/div>\n\t\t<\/div>\n\t\t\t\t\t<\/div>\n\t\t<\/section>\n\t\t\t\t<section class=\"elementor-section elementor-top-section elementor-element elementor-element-ea1ff82 elementor-section-boxed elementor-section-height-default elementor-section-height-default\" data-id=\"ea1ff82\" data-element_type=\"section\" data-e-type=\"section\">\n\t\t\t\t\t\t<div class=\"elementor-container elementor-column-gap-default\">\n\t\t\t\t\t<div class=\"elementor-column elementor-col-25 elementor-top-column elementor-element elementor-element-4056b20\" data-id=\"4056b20\" data-element_type=\"column\" data-e-type=\"column\">\n\t\t\t<div class=\"elementor-widget-wrap elementor-element-populated\">\n\t\t\t\t\t\t<div class=\"elementor-element elementor-element-29e5ff9 elementor-widget elementor-widget-image\" data-id=\"29e5ff9\" data-element_type=\"widget\" data-e-type=\"widget\" data-widget_type=\"image.default\">\n\t\t\t\t<div class=\"elementor-widget-container\">\n\t\t\t\t\t\t\t\t\t\t\t\t\t\t\t<img loading=\"lazy\" decoding=\"async\" width=\"239\" height=\"300\" src=\"https:\/\/miperlanegra.es\/wp-content\/uploads\/2024\/03\/jhktshirt_wkoporto_0-239x300.jpg\" class=\"attachment-medium size-medium wp-image-630\" alt=\"\" srcset=\"https:\/\/miperlanegra.es\/wp-content\/uploads\/2024\/03\/jhktshirt_wkoporto_0-239x300.jpg 239w, https:\/\/miperlanegra.es\/wp-content\/uploads\/2024\/03\/jhktshirt_wkoporto_0-815x1024.jpg 815w, https:\/\/miperlanegra.es\/wp-content\/uploads\/2024\/03\/jhktshirt_wkoporto_0-768x965.jpg 768w, https:\/\/miperlanegra.es\/wp-content\/uploads\/2024\/03\/jhktshirt_wkoporto_0-1223x1536.jpg 1223w, https:\/\/miperlanegra.es\/wp-content\/uploads\/2024\/03\/jhktshirt_wkoporto_0-1024x1286.jpg 1024w, https:\/\/miperlanegra.es\/wp-content\/uploads\/2024\/03\/jhktshirt_wkoporto_0.jpg 1242w\" sizes=\"(max-width: 239px) 100vw, 239px\" \/>\t\t\t\t\t\t\t\t\t\t\t\t\t\t\t<\/div>\n\t\t\t\t<\/div>\n\t\t\t\t\t<\/div>\n\t\t<\/div>\n\t\t\t\t<div class=\"elementor-column elementor-col-25 elementor-top-column elementor-element elementor-element-e2e138e\" data-id=\"e2e138e\" data-element_type=\"column\" data-e-type=\"column\">\n\t\t\t<div class=\"elementor-widget-wrap elementor-element-populated\">\n\t\t\t\t\t\t<div class=\"elementor-element elementor-element-bb137b7 elementor-widget elementor-widget-image\" data-id=\"bb137b7\" data-element_type=\"widget\" data-e-type=\"widget\" data-widget_type=\"image.default\">\n\t\t\t\t<div class=\"elementor-widget-container\">\n\t\t\t\t\t\t\t\t\t\t\t\t\t\t\t<img loading=\"lazy\" decoding=\"async\" width=\"239\" height=\"300\" src=\"https:\/\/miperlanegra.es\/wp-content\/uploads\/2024\/03\/jhktshirt_wklisbon_0-239x300.jpg\" class=\"attachment-medium size-medium wp-image-629\" alt=\"\" srcset=\"https:\/\/miperlanegra.es\/wp-content\/uploads\/2024\/03\/jhktshirt_wklisbon_0-239x300.jpg 239w, https:\/\/miperlanegra.es\/wp-content\/uploads\/2024\/03\/jhktshirt_wklisbon_0-816x1024.jpg 816w, https:\/\/miperlanegra.es\/wp-content\/uploads\/2024\/03\/jhktshirt_wklisbon_0-768x964.jpg 768w, https:\/\/miperlanegra.es\/wp-content\/uploads\/2024\/03\/jhktshirt_wklisbon_0-1224x1536.jpg 1224w, https:\/\/miperlanegra.es\/wp-content\/uploads\/2024\/03\/jhktshirt_wklisbon_0-1024x1285.jpg 1024w, https:\/\/miperlanegra.es\/wp-content\/uploads\/2024\/03\/jhktshirt_wklisbon_0.jpg 1242w\" sizes=\"(max-width: 239px) 100vw, 239px\" \/>\t\t\t\t\t\t\t\t\t\t\t\t\t\t\t<\/div>\n\t\t\t\t<\/div>\n\t\t\t\t\t<\/div>\n\t\t<\/div>\n\t\t\t\t<div class=\"elementor-column elementor-col-25 elementor-top-column elementor-element elementor-element-4ddb708\" data-id=\"4ddb708\" data-element_type=\"column\" data-e-type=\"column\">\n\t\t\t<div class=\"elementor-widget-wrap elementor-element-populated\">\n\t\t\t\t\t\t<div class=\"elementor-element elementor-element-3aaecbf elementor-widget elementor-widget-image\" data-id=\"3aaecbf\" data-element_type=\"widget\" data-e-type=\"widget\" data-widget_type=\"image.default\">\n\t\t\t\t<div class=\"elementor-widget-container\">\n\t\t\t\t\t\t\t\t\t\t\t\t\t\t\t<img loading=\"lazy\" decoding=\"async\" width=\"239\" height=\"300\" src=\"https:\/\/miperlanegra.es\/wp-content\/uploads\/2024\/03\/Bata-de-hombre-JHK-ROME-WKROME-239x300.webp\" class=\"attachment-medium size-medium wp-image-628\" alt=\"\" srcset=\"https:\/\/miperlanegra.es\/wp-content\/uploads\/2024\/03\/Bata-de-hombre-JHK-ROME-WKROME-239x300.webp 239w, https:\/\/miperlanegra.es\/wp-content\/uploads\/2024\/03\/Bata-de-hombre-JHK-ROME-WKROME.webp 300w\" sizes=\"(max-width: 239px) 100vw, 239px\" \/>\t\t\t\t\t\t\t\t\t\t\t\t\t\t\t<\/div>\n\t\t\t\t<\/div>\n\t\t\t\t\t<\/div>\n\t\t<\/div>\n\t\t\t\t<div class=\"elementor-column elementor-col-25 elementor-top-column elementor-element elementor-element-8c1d935\" data-id=\"8c1d935\" data-element_type=\"column\" data-e-type=\"column\">\n\t\t\t<div class=\"elementor-widget-wrap elementor-element-populated\">\n\t\t\t\t\t\t<div class=\"elementor-element elementor-element-41c8c3b elementor-widget elementor-widget-image\" data-id=\"41c8c3b\" data-element_type=\"widget\" data-e-type=\"widget\" data-widget_type=\"image.default\">\n\t\t\t\t<div class=\"elementor-widget-container\">\n\t\t\t\t\t\t\t\t\t\t\t\t\t\t\t<img loading=\"lazy\" decoding=\"async\" width=\"300\" height=\"377\" src=\"https:\/\/miperlanegra.es\/wp-content\/uploads\/2024\/03\/Pantalon-servicios-unisex-JHK-LISBON-WKLISBON.webp\" class=\"attachment-large size-large wp-image-634\" alt=\"\" srcset=\"https:\/\/miperlanegra.es\/wp-content\/uploads\/2024\/03\/Pantalon-servicios-unisex-JHK-LISBON-WKLISBON.webp 300w, https:\/\/miperlanegra.es\/wp-content\/uploads\/2024\/03\/Pantalon-servicios-unisex-JHK-LISBON-WKLISBON-239x300.webp 239w\" sizes=\"(max-width: 300px) 100vw, 300px\" \/>\t\t\t\t\t\t\t\t\t\t\t\t\t\t\t<\/div>\n\t\t\t\t<\/div>\n\t\t\t\t\t<\/div>\n\t\t<\/div>\n\t\t\t\t\t<\/div>\n\t\t<\/section>\n\t\t\t\t<\/div>\n\t\t","protected":false},"excerpt":{"rendered":"<p>&nbsp;Todos nuestros uniformes son personalizables con su imagen corporativa. Nos amoldamos a cualquier trabajo y presupuesto al trabajar con todas las t\u00e9cnicas del mercado, bordado, serigraf\u00eda, vinilo, transfer serigr\u00e1fico, transfer digital&nbsp; DTF. Presupuesto sin compromiso<\/p>\n","protected":false},"author":1,"featured_media":0,"parent":0,"menu_order":0,"comment_status":"closed","ping_status":"closed","template":"","meta":{"_monsterinsights_skip_tracking":false,"_monsterinsights_sitenote_active":false,"_monsterinsights_sitenote_note":"","_monsterinsights_sitenote_category":0,"_uf_show_specific_survey":0,"_uf_disable_surveys":false,"footnotes":""},"class_list":["post-84","page","type-page","status-publish","hentry"],"aioseo_notices":[],"jetpack_sharing_enabled":true,"_links":{"self":[{"href":"https:\/\/miperlanegra.es\/index.php\/wp-json\/wp\/v2\/pages\/84","targetHints":{"allow":["GET"]}}],"collection":[{"href":"https:\/\/miperlanegra.es\/index.php\/wp-json\/wp\/v2\/pages"}],"about":[{"href":"https:\/\/miperlanegra.es\/index.php\/wp-json\/wp\/v2\/types\/page"}],"author":[{"embeddable":true,"href":"https:\/\/miperlanegra.es\/index.php\/wp-json\/wp\/v2\/users\/1"}],"replies":[{"embeddable":true,"href":"https:\/\/miperlanegra.es\/index.php\/wp-json\/wp\/v2\/comments?post=84"}],"version-history":[{"count":47,"href":"https:\/\/miperlanegra.es\/index.php\/wp-json\/wp\/v2\/pages\/84\/revisions"}],"predecessor-version":[{"id":658,"href":"https:\/\/miperlanegra.es\/index.php\/wp-json\/wp\/v2\/pages\/84\/revisions\/658"}],"wp:attachment":[{"href":"https:\/\/miperlanegra.es\/index.php\/wp-json\/wp\/v2\/media?parent=84"}],"curies":[{"name":"wp","href":"https:\/\/api.w.org\/{rel}","templated":true}]}}